{"id":395617,"date":"2023-12-10T08:18:31","date_gmt":"2023-12-10T08:18:31","guid":{"rendered":"https:\/\/otavietnam.com\/?page_id=395617"},"modified":"2025-06-26T01:33:24","modified_gmt":"2025-06-26T01:33:24","slug":"videos","status":"publish","type":"page","link":"https:\/\/otavietnam.com\/blog\/videos\/","title":{"rendered":"Videos"},"content":{"rendered":"<div class=\"wpb-content-wrapper\"><p>[vc_row equal_height=&#8221;yes&#8221; content_placement=&#8221;top&#8221; vc_row_background=&#8221;&#8221;][vc_column][vc_message]D\u01b0\u1edbi \u0111\u00e2y l\u00e0 to\u00e0n b\u1ed9 video t\u1eeb #SCO #OTAVN #TXL. B\u1ea1n c\u00f3 th\u1ec3 xem tr\u1ef1c ti\u1ebfp t\u1ea1i \u0111\u00e2y, khi ch\u1ecdn xem b\u1ea1n c\u00f3 th\u1ec3 m\u1edf full m\u00e0n h\u00ecnh \u0111\u1ec3 xem ho\u1eb7c b\u1ea5m v\u00e0o link tr\u00ean m\u1ed7i video \u0111\u1ec3 chuy\u1ec3n xem tr\u00ean Youtube ho\u1eb7c truy c\u1eadp v\u00e0o link d\u01b0\u1edbi \u0111\u00e2y \u0111\u1ec3 xem chi ti\u1ebft. B\u1ea1n n\u00ean \u0111\u0103ng k\u00fd k\u00eanh \u0111\u1ec3 kh\u00f4ng b\u1ecf l\u1ee1 video h\u1eefu \u00edch n\u00e0o m\u00e0 ch\u00fang t\u00f4i chia s\u1ebb: <a title=\"Xem tr\u00ean youtube @tranxuanloc1988\" href=\"https:\/\/www.youtube.com\/@tranxuanloc1988\" target=\"_blank\" rel=\"nofollow noopener\">https:\/\/www.youtube.com\/@tranxuanloc1988<\/a>[\/vc_message][vc_column_text]<\/p>\n<h2><strong>GI\u1ea2I \u0110\u00c1P TH\u1eaeC M\u1eaeC V\u1ec0 QU\u1ea2N L\u00dd V\u1eacN H\u00c0NH SALE OTA (SALE OTA ONLINE)<\/strong><\/h2>\n<p>[\/vc_column_text][vc_column_text]V\u1edbi c\u00e1c seri video gi\u1ea3i \u0111\u00e1p v\u1ec1 SALE OTA s\u1ebd gi\u00fap cho c\u00e1c b\u1ea1n c\u00f3 c\u00e1i nh\u00ecn t\u1ed5ng th\u1ec3 v\u1ec1 c\u00e1ch v\u1eadn h\u00e0nh, qu\u1ea3n l\u00fd c\u00e1c k\u00eanh OTA.[\/vc_column_text][vc_row_inner][vc_column_inner width=&#8221;1\/2&#8243;][vc_raw_html]JTNDaWZyYW1lJTIwd2lkdGglM0QlMjIxMDAlMjUlMjIlMjBoZWlnaHQlM0QlMjIzNTAlMjIlMjBzcmMlM0QlMjJodHRwcyUzQSUyRiUyRnd3dy55b3V0dWJlLmNvbSUyRmVtYmVkJTJGZTRxQVIzUzEyNTglM0ZzaSUzREs3TE5fbmZwM0U4Y3Q1dlclMjIlMjB0aXRsZSUzRCUyMkdpJUUxJUJBJUEzaSUyMCVDNCU5MSVDMyVBMXAlMjB2JUUxJUJCJTgxJTIwU2FsZSUyME9UQSUyME9ubGluZSUyMiUyMGZyYW1lYm9yZGVyJTNEJTIyMCUyMiUyMGFsbG93JTNEJTIyYWNjZWxlcm9tZXRlciUzQiUyMGF1dG9wbGF5JTNCJTIwY2xpcGJvYXJkLXdyaXRlJTNCJTIwZW5jcnlwdGVkLW1lZGlhJTNCJTIwZ3lyb3Njb3BlJTNCJTIwcGljdHVyZS1pbi1waWN0dXJlJTNCJTIwd2ViLXNoYXJlJTIyJTIwYWxsb3dmdWxsc2NyZWVuJTNFJTNDJTJGaWZyYW1lJTNF[\/vc_raw_html][\/vc_column_inner][vc_column_inner width=&#8221;1\/2&#8243;][vc_raw_html]JTNDaWZyYW1lJTIwd2lkdGglM0QlMjIxMDAlMjUlMjIlMjBoZWlnaHQlM0QlMjIzNTAlMjIlMjBzcmMlM0QlMjJodHRwcyUzQSUyRiUyRnd3dy55b3V0dWJlLmNvbSUyRmVtYmVkJTJGNzBzRFB4MzFyU28lM0ZzaSUzRDlXdEZocVF3ajhRejZMVkUlMjIlMjB0aXRsZSUzRCUyMkdpJUUxJUJBJUEzaSUyMCVDNCU5MSVDMyVBMXAlMjB2JUUxJUJCJTgxJTIwU2FsZSUyME9UQSUyME9ubGluZSUyMiUyMGZyYW1lYm9yZGVyJTNEJTIyMCUyMiUyMGFsbG93JTNEJTIyYWNjZWxlcm9tZXRlciUzQiUyMGF1dG9wbGF5JTNCJTIwY2xpcGJvYXJkLXdyaXRlJTNCJTIwZW5jcnlwdGVkLW1lZGlhJTNCJTIwZ3lyb3Njb3BlJTNCJTIwcGljdHVyZS1pbi1waWN0dXJlJTNCJTIwd2ViLXNoYXJlJTIyJTIwYWxsb3dmdWxsc2NyZWVuJTNFJTNDJTJGaWZyYW1lJTNFJTBB[\/vc_raw_html][\/vc_column_inner][\/vc_row_inner][\/vc_column][\/vc_row][vc_row equal_height=&#8221;yes&#8221; content_placement=&#8221;top&#8221; vc_row_background=&#8221;&#8221;][vc_column][vc_column_text]<\/p>\n<h2><strong>H\u01af\u1edaNG D\u1eaaN H\u1eccC SALE OTA ONLINE (SALE OTA T\u1ef0 H\u1eccC)<\/strong><\/h2>\n<p>[\/vc_column_text][vc_column_text]V\u1edbi kh\u00f3a h\u1ecdc Sale OTA t\u1ef1 h\u1ecdc online ch\u00fang t\u00f4i s\u1ebd h\u01b0\u1edbng d\u1eabn 1 bu\u1ed5i ban \u0111\u1ea7u v\u00e0 1 bu\u1ed5i sau khi c\u00e1c b\u1ea1n \u0111\u00e3 h\u1ecdc xong[\/vc_column_text][vc_row_inner][vc_column_inner][vc_raw_html]JTNDaWZyYW1lJTIwd2lkdGglM0QlMjIxMDAlMjUlMjIlMjBoZWlnaHQlM0QlMjI1NTAlMjIlMjBzcmMlM0QlMjJodHRwcyUzQSUyRiUyRnd3dy55b3V0dWJlLmNvbSUyRmVtYmVkJTJGNGRfbXRWcjZPMVklMjIlMjB0aXRsZSUzRCUyMkglQzYlQjAlRTElQkIlOUJuZyUyMGQlRTElQkElQUJuJTIwaCVFMSVCQiU4RGMlMjB2aSVDMyVBQW4lMjB0JUUxJUJCJUIxJTIwaCVFMSVCQiU4RGMlMjBTYWxlJTIwT1RBJTIwT25saW5lJTIwa2glQzMlQjNhJTIwbiVDMyVBMm5nJTIwY2FvJTIwJTI4JUM0JTkxJUUxJUJBJUE3eSUyMCVDNCU5MSVFMSVCQiVBNyUyMGtpJUUxJUJBJUJGbiUyMHRoJUUxJUJCJUE5YyUyMEEtWiUyOSUyMiUyMGZyYW1lYm9yZGVyJTNEJTIyMCUyMiUyMGFsbG93JTNEJTIyYWNjZWxlcm9tZXRlciUzQiUyMGF1dG9wbGF5JTNCJTIwY2xpcGJvYXJkLXdyaXRlJTNCJTIwZW5jcnlwdGVkLW1lZGlhJTNCJTIwZ3lyb3Njb3BlJTNCJTIwcGljdHVyZS1pbi1waWN0dXJlJTNCJTIwd2ViLXNoYXJlJTIyJTIwYWxsb3dmdWxsc2NyZWVuJTNFJTNDJTJGaWZyYW1lJTNF[\/vc_raw_html][\/vc_column_inner][\/vc_row_inner][\/vc_column][\/vc_row][vc_row equal_height=&#8221;yes&#8221; content_placement=&#8221;top&#8221; vc_row_background=&#8221;&#8221;][vc_column][vc_column_text]<\/p>\n<h2><strong>\u0110\u00c1NH GI\u00c1 C\u1ee6A H\u1eccC VI\u00caN V\u1ec0 KH\u00d3A H\u1eccC SALE OTA<\/strong><\/h2>\n<p>[\/vc_column_text][vc_row_inner][vc_column_inner][vc_raw_html]JTNDaWZyYW1lJTIwd2lkdGglM0QlMjIxMDAlMjUlMjIlMjBoZWlnaHQlM0QlMjI1NTAlMjIlMjBzcmMlM0QlMjJodHRwcyUzQSUyRiUyRnd3dy55b3V0dWJlLmNvbSUyRmVtYmVkJTJGeDdCXzdjWkdVQjAlMjIlMjB0aXRsZSUzRCUyMiVDNCU5MCVDMyVBMW5oJTIwZ2klQzMlQTElMjBjJUUxJUJCJUE3YSUyMGglRTElQkIlOERjJTIwdmklQzMlQUFuJTIwdiVFMSVCQiU4MSUyMG4lRTElQkIlOTlpJTIwZHVuZyUyMCVDNCU5MSVDMyVBMG8lMjB0JUUxJUJBJUExbyUyMGMlRTElQkIlQTdhJTIwa2glQzMlQjNhJTIwaCVFMSVCQiU4RGMlMjBTYWxlJTIwT1RBJTIyJTIwZnJhbWVib3JkZXIlM0QlMjIwJTIyJTIwYWxsb3clM0QlMjJhY2NlbGVyb21ldGVyJTNCJTIwYXV0b3BsYXklM0IlMjBjbGlwYm9hcmQtd3JpdGUlM0IlMjBlbmNyeXB0ZWQtbWVkaWElM0IlMjBneXJvc2NvcGUlM0IlMjBwaWN0dXJlLWluLXBpY3R1cmUlM0IlMjB3ZWItc2hhcmUlMjIlMjBhbGxvd2Z1bGxzY3JlZW4lM0UlM0MlMkZpZnJhbWUlM0U=[\/vc_raw_html][\/vc_column_inner][\/vc_row_inner][\/vc_column][\/vc_row][vc_row equal_height=&#8221;yes&#8221; content_placement=&#8221;top&#8221; vc_row_background=&#8221;&#8221;][vc_column][vc_column_text]<\/p>\n<h2><strong>TH\u00d4NG TIN V\u1ec0 KH\u00d3A H\u1eccC SALE OTA (SALE OTA ONLINE)<\/strong><\/h2>\n<p>[\/vc_column_text][vc_column_text]Gi\u1edbi thi\u1ec7u v\u1ec1 n\u1ed9i dung \u0111\u00e0o t\u1ea1o SALE OTA, ph\u01b0\u01a1ng ph\u00e1p \u0111\u00e0o t\u1ea1o Sale OTA t\u1eeb OTAVN[\/vc_column_text][vc_row_inner][vc_column_inner width=&#8221;1\/2&#8243;][vc_raw_html]JTNDaWZyYW1lJTIwd2lkdGglM0QlMjIxMDAlMjUlMjIlMjBoZWlnaHQlM0QlMjIzNTAlMjIlMjBzcmMlM0QlMjJodHRwcyUzQSUyRiUyRnd3dy55b3V0dWJlLmNvbSUyRmVtYmVkJTJGcDRnMG5TTF9zcTglMjIlMjB0aXRsZSUzRCUyMkdpJUUxJUJBJUEzaSUyMCVDNCU5MSVDMyVBMXAlMjB2JUUxJUJCJTgxJTIwU2FsZSUyME9UQSUyME9ubGluZSUyMiUyMGZyYW1lYm9yZGVyJTNEJTIyMCUyMiUyMGFsbG93JTNEJTIyYWNjZWxlcm9tZXRlciUzQiUyMGF1dG9wbGF5JTNCJTIwY2xpcGJvYXJkLXdyaXRlJTNCJTIwZW5jcnlwdGVkLW1lZGlhJTNCJTIwZ3lyb3Njb3BlJTNCJTIwcGljdHVyZS1pbi1waWN0dXJlJTNCJTIwd2ViLXNoYXJlJTIyJTIwYWxsb3dmdWxsc2NyZWVuJTNFJTNDJTJGaWZyYW1lJTNF[\/vc_raw_html][\/vc_column_inner][vc_column_inner width=&#8221;1\/2&#8243;][vc_raw_html]JTNDaWZyYW1lJTIwd2lkdGglM0QlMjIxMDAlMjUlMjIlMjBoZWlnaHQlM0QlMjIzNTAlMjIlMjBzcmMlM0QlMjJodHRwcyUzQSUyRiUyRnd3dy55b3V0dWJlLmNvbSUyRmVtYmVkJTJGcERRVTR5WjcyWTAlMjIlMjB0aXRsZSUzRCUyMkdpJUUxJUJCJTlCaSUyMHRoaSVFMSVCQiU4N3UlMjB2JUUxJUJCJTgxJTIwa2glQzMlQjNhJTIwaCVFMSVCQiU4RGMlMjBTYWxlJTIwT1RBJTIwY2hvJTIwcXUlRTElQkElQTNuJTIwbCVDMyVCRCUyMiUyMGZyYW1lYm9yZGVyJTNEJTIyMCUyMiUyMGFsbG93JTNEJTIyYWNjZWxlcm9tZXRlciUzQiUyMGF1dG9wbGF5JTNCJTIwY2xpcGJvYXJkLXdyaXRlJTNCJTIwZW5jcnlwdGVkLW1lZGlhJTNCJTIwZ3lyb3Njb3BlJTNCJTIwcGljdHVyZS1pbi1waWN0dXJlJTNCJTIwd2ViLXNoYXJlJTIyJTIwYWxsb3dmdWxsc2NyZWVuJTNFJTNDJTJGaWZyYW1lJTNF[\/vc_raw_html][\/vc_column_inner][\/vc_row_inner][vc_row_inner][vc_column_inner width=&#8221;1\/2&#8243;][vc_raw_html]JTNDaWZyYW1lJTIwd2lkdGglM0QlMjIxMDAlMjUlMjIlMjBoZWlnaHQlM0QlMjIzNTAlMjIlMjBzcmMlM0QlMjJodHRwcyUzQSUyRiUyRnd3dy55b3V0dWJlLmNvbSUyRmVtYmVkJTJGZXNxek9wX3VDMGclMjIlMjB0aXRsZSUzRCUyMkdpJUUxJUJCJTlCaSUyMHRoaSVFMSVCQiU4N3UlMjB2JUUxJUJCJTgxJTIwa2glQzMlQjNhJTIwaCVFMSVCQiU4RGMlMjBTYWxlJTIwT1RBJTIwT25saW5lJTIwdCVFMSVCQiVCMSUyMGglRTElQkIlOERjJTIwYyVDNiVBMSUyMGIlRTElQkElQTNuJTIyJTIwZnJhbWVib3JkZXIlM0QlMjIwJTIyJTIwYWxsb3clM0QlMjJhY2NlbGVyb21ldGVyJTNCJTIwYXV0b3BsYXklM0IlMjBjbGlwYm9hcmQtd3JpdGUlM0IlMjBlbmNyeXB0ZWQtbWVkaWElM0IlMjBneXJvc2NvcGUlM0IlMjBwaWN0dXJlLWluLXBpY3R1cmUlM0IlMjB3ZWItc2hhcmUlMjIlMjBhbGxvd2Z1bGxzY3JlZW4lM0UlM0MlMkZpZnJhbWUlM0U=[\/vc_raw_html][\/vc_column_inner][vc_column_inner width=&#8221;1\/2&#8243;][vc_raw_html]JTNDaWZyYW1lJTIwd2lkdGglM0QlMjIxMDAlMjUlMjIlMjBoZWlnaHQlM0QlMjIzNTAlMjIlMjBzcmMlM0QlMjJodHRwcyUzQSUyRiUyRnd3dy55b3V0dWJlLmNvbSUyRmVtYmVkJTJGZTh3SkNDSC1ZeVUlMjIlMjB0aXRsZSUzRCUyMkglRTElQkIlOERjJTIwdmklQzMlQUFuJTIwdCVFMSVCQiVCMSUyMGglRTElQkIlOERjJTIwU2FsZSUyME9UQSUyMHNhdSUyMDQlMjBuZyVDMyVBMHklMjIlMjBmcmFtZWJvcmRlciUzRCUyMjAlMjIlMjBhbGxvdyUzRCUyMmFjY2VsZXJvbWV0ZXIlM0IlMjBhdXRvcGxheSUzQiUyMGNsaXBib2FyZC13cml0ZSUzQiUyMGVuY3J5cHRlZC1tZWRpYSUzQiUyMGd5cm9zY29wZSUzQiUyMHBpY3R1cmUtaW4tcGljdHVyZSUzQiUyMHdlYi1zaGFyZSUyMiUyMGFsbG93ZnVsbHNjcmVlbiUzRSUzQyUyRmlmcmFtZSUzRQ==[\/vc_raw_html][\/vc_column_inner][\/vc_row_inner][\/vc_column][\/vc_row][vc_row equal_height=&#8221;yes&#8221; content_placement=&#8221;top&#8221; vc_row_background=&#8221;&#8221;][vc_column][vc_column_text]<\/p>\n<h2><strong>H\u01af\u1edaNG D\u1eaaN \u0110\u0102NG K\u00dd M\u1edaI K\u00caNH OTA (SALE OTA ONLINE NEW REGISTRATION)<\/strong><\/h2>\n<p>[\/vc_column_text][vc_row_inner][vc_column_inner width=&#8221;1\/2&#8243;][vc_raw_html]JTNDaWZyYW1lJTIwd2lkdGglM0QlMjIxMDAlMjUlMjIlMjBoZWlnaHQlM0QlMjIzNTAlMjIlMjBzcmMlM0QlMjJodHRwcyUzQSUyRiUyRnd3dy55b3V0dWJlLmNvbSUyRmVtYmVkJTJGNjh3WlhPaDRvWEklMjIlMjB0aXRsZSUzRCUyMkdpJUUxJUJBJUEzaSUyMCVDNCU5MSVDMyVBMXAlMjB2JUUxJUJCJTgxJTIwU2FsZSUyME9UQSUyME9ubGluZSUyMiUyMGZyYW1lYm9yZGVyJTNEJTIyMCUyMiUyMGFsbG93JTNEJTIyYWNjZWxlcm9tZXRlciUzQiUyMGF1dG9wbGF5JTNCJTIwY2xpcGJvYXJkLXdyaXRlJTNCJTIwZW5jcnlwdGVkLW1lZGlhJTNCJTIwZ3lyb3Njb3BlJTNCJTIwcGljdHVyZS1pbi1waWN0dXJlJTNCJTIwd2ViLXNoYXJlJTIyJTIwYWxsb3dmdWxsc2NyZWVuJTNFJTNDJTJGaWZyYW1lJTNF[\/vc_raw_html][\/vc_column_inner][vc_column_inner width=&#8221;1\/2&#8243;][vc_raw_html]JTNDaWZyYW1lJTIwd2lkdGglM0QlMjIxMDAlMjUlMjIlMjBoZWlnaHQlM0QlMjIzNTAlMjIlMjBzcmMlM0QlMjJodHRwcyUzQSUyRiUyRnd3dy55b3V0dWJlLmNvbSUyRmVtYmVkJTJGT1dvZXpEUHUzT0klMjIlMjB0aXRsZSUzRCUyMkdpJUUxJUJBJUEzaSUyMCVDNCU5MSVDMyVBMXAlMjB2JUUxJUJCJTgxJTIwU2FsZSUyME9UQSUyME9ubGluZSUyMiUyMGZyYW1lYm9yZGVyJTNEJTIyMCUyMiUyMGFsbG93JTNEJTIyYWNjZWxlcm9tZXRlciUzQiUyMGF1dG9wbGF5JTNCJTIwY2xpcGJvYXJkLXdyaXRlJTNCJTIwZW5jcnlwdGVkLW1lZGlhJTNCJTIwZ3lyb3Njb3BlJTNCJTIwcGljdHVyZS1pbi1waWN0dXJlJTNCJTIwd2ViLXNoYXJlJTIyJTIwYWxsb3dmdWxsc2NyZWVuJTNFJTNDJTJGaWZyYW1lJTNF[\/vc_raw_html][\/vc_column_inner][\/vc_row_inner][vc_row_inner][vc_column_inner width=&#8221;1\/2&#8243;][vc_raw_html]JTNDaWZyYW1lJTIwd2lkdGglM0QlMjIxMDAlMjUlMjIlMjBoZWlnaHQlM0QlMjIzNTAlMjIlMjBzcmMlM0QlMjJodHRwcyUzQSUyRiUyRnd3dy55b3V0dWJlLmNvbSUyRmVtYmVkJTJGMV9BQnpPSUM4Q1ElMjIlMjB0aXRsZSUzRCUyMkdpJUUxJUJBJUEzaSUyMCVDNCU5MSVDMyVBMXAlMjB2JUUxJUJCJTgxJTIwU2FsZSUyME9UQSUyME9ubGluZSUyMiUyMGZyYW1lYm9yZGVyJTNEJTIyMCUyMiUyMGFsbG93JTNEJTIyYWNjZWxlcm9tZXRlciUzQiUyMGF1dG9wbGF5JTNCJTIwY2xpcGJvYXJkLXdyaXRlJTNCJTIwZW5jcnlwdGVkLW1lZGlhJTNCJTIwZ3lyb3Njb3BlJTNCJTIwcGljdHVyZS1pbi1waWN0dXJlJTNCJTIwd2ViLXNoYXJlJTIyJTIwYWxsb3dmdWxsc2NyZWVuJTNFJTNDJTJGaWZyYW1lJTNF[\/vc_raw_html][\/vc_column_inner][vc_column_inner width=&#8221;1\/2&#8243;][vc_raw_html]JTNDaWZyYW1lJTIwd2lkdGglM0QlMjIxMDAlMjUlMjIlMjBoZWlnaHQlM0QlMjIzNTAlMjIlMjBzcmMlM0QlMjJodHRwcyUzQSUyRiUyRnd3dy55b3V0dWJlLmNvbSUyRmVtYmVkJTJGREpxcndoWGd4eTQlMjIlMjB0aXRsZSUzRCUyMkdpJUUxJUJBJUEzaSUyMCVDNCU5MSVDMyVBMXAlMjB2JUUxJUJCJTgxJTIwU2FsZSUyME9UQSUyME9ubGluZSUyMiUyMGZyYW1lYm9yZGVyJTNEJTIyMCUyMiUyMGFsbG93JTNEJTIyYWNjZWxlcm9tZXRlciUzQiUyMGF1dG9wbGF5JTNCJTIwY2xpcGJvYXJkLXdyaXRlJTNCJTIwZW5jcnlwdGVkLW1lZGlhJTNCJTIwZ3lyb3Njb3BlJTNCJTIwcGljdHVyZS1pbi1waWN0dXJlJTNCJTIwd2ViLXNoYXJlJTIyJTIwYWxsb3dmdWxsc2NyZWVuJTNFJTNDJTJGaWZyYW1lJTNF[\/vc_raw_html][\/vc_column_inner][\/vc_row_inner][vc_row_inner][vc_column_inner width=&#8221;1\/2&#8243;][vc_raw_html]JTNDaWZyYW1lJTIwd2lkdGglM0QlMjIxMDAlMjUlMjIlMjBoZWlnaHQlM0QlMjIzNTAlMjIlMjBzcmMlM0QlMjJodHRwcyUzQSUyRiUyRnd3dy55b3V0dWJlLmNvbSUyRmVtYmVkJTJGRUxxY1dEUzMzbG8lMjIlMjB0aXRsZSUzRCUyMkdpJUUxJUJBJUEzaSUyMCVDNCU5MSVDMyVBMXAlMjB2JUUxJUJCJTgxJTIwU2FsZSUyME9UQSUyME9ubGluZSUyMiUyMGZyYW1lYm9yZGVyJTNEJTIyMCUyMiUyMGFsbG93JTNEJTIyYWNjZWxlcm9tZXRlciUzQiUyMGF1dG9wbGF5JTNCJTIwY2xpcGJvYXJkLXdyaXRlJTNCJTIwZW5jcnlwdGVkLW1lZGlhJTNCJTIwZ3lyb3Njb3BlJTNCJTIwcGljdHVyZS1pbi1waWN0dXJlJTNCJTIwd2ViLXNoYXJlJTIyJTIwYWxsb3dmdWxsc2NyZWVuJTNFJTNDJTJGaWZyYW1lJTNFJTBB[\/vc_raw_html][\/vc_column_inner][vc_column_inner width=&#8221;1\/2&#8243;][vc_raw_html]JTNDaWZyYW1lJTIwd2lkdGglM0QlMjIxMDAlMjUlMjIlMjBoZWlnaHQlM0QlMjIzNTAlMjIlMjBzcmMlM0QlMjJodHRwcyUzQSUyRiUyRnd3dy55b3V0dWJlLmNvbSUyRmVtYmVkJTJGTkV6Ql9oanBZRWMlMjIlMjB0aXRsZSUzRCUyMkdpJUUxJUJBJUEzaSUyMCVDNCU5MSVDMyVBMXAlMjB2JUUxJUJCJTgxJTIwU2FsZSUyME9UQSUyME9ubGluZSUyMiUyMGZyYW1lYm9yZGVyJTNEJTIyMCUyMiUyMGFsbG93JTNEJTIyYWNjZWxlcm9tZXRlciUzQiUyMGF1dG9wbGF5JTNCJTIwY2xpcGJvYXJkLXdyaXRlJTNCJTIwZW5jcnlwdGVkLW1lZGlhJTNCJTIwZ3lyb3Njb3BlJTNCJTIwcGljdHVyZS1pbi1waWN0dXJlJTNCJTIwd2ViLXNoYXJlJTIyJTIwYWxsb3dmdWxsc2NyZWVuJTNFJTNDJTJGaWZyYW1lJTNFJTBB[\/vc_raw_html][\/vc_column_inner][\/vc_row_inner][vc_row_inner][vc_column_inner width=&#8221;1\/2&#8243;][vc_raw_html]JTNDaWZyYW1lJTIwd2lkdGglM0QlMjIxMDAlMjUlMjIlMjBoZWlnaHQlM0QlMjIzNTAlMjIlMjBzcmMlM0QlMjJodHRwcyUzQSUyRiUyRnd3dy55b3V0dWJlLmNvbSUyRmVtYmVkJTJGUXI0SGlucGtXMlklMjIlMjB0aXRsZSUzRCUyMkdpJUUxJUJBJUEzaSUyMCVDNCU5MSVDMyVBMXAlMjB2JUUxJUJCJTgxJTIwU2FsZSUyME9UQSUyME9ubGluZSUyMiUyMGZyYW1lYm9yZGVyJTNEJTIyMCUyMiUyMGFsbG93JTNEJTIyYWNjZWxlcm9tZXRlciUzQiUyMGF1dG9wbGF5JTNCJTIwY2xpcGJvYXJkLXdyaXRlJTNCJTIwZW5jcnlwdGVkLW1lZGlhJTNCJTIwZ3lyb3Njb3BlJTNCJTIwcGljdHVyZS1pbi1waWN0dXJlJTNCJTIwd2ViLXNoYXJlJTIyJTIwYWxsb3dmdWxsc2NyZWVuJTNFJTNDJTJGaWZyYW1lJTNFJTBB[\/vc_raw_html][\/vc_column_inner][vc_column_inner width=&#8221;1\/2&#8243;][vc_raw_html]JTNDaWZyYW1lJTIwd2lkdGglM0QlMjIxMDAlMjUlMjIlMjBoZWlnaHQlM0QlMjIzNTAlMjIlMjBzcmMlM0QlMjJodHRwcyUzQSUyRiUyRnd3dy55b3V0dWJlLmNvbSUyRmVtYmVkJTJGTjlZQm1oMFpFY28lMjIlMjB0aXRsZSUzRCUyMkdpJUUxJUJBJUEzaSUyMCVDNCU5MSVDMyVBMXAlMjB2JUUxJUJCJTgxJTIwU2FsZSUyME9UQSUyME9ubGluZSUyMiUyMGZyYW1lYm9yZGVyJTNEJTIyMCUyMiUyMGFsbG93JTNEJTIyYWNjZWxlcm9tZXRlciUzQiUyMGF1dG9wbGF5JTNCJTIwY2xpcGJvYXJkLXdyaXRlJTNCJTIwZW5jcnlwdGVkLW1lZGlhJTNCJTIwZ3lyb3Njb3BlJTNCJTIwcGljdHVyZS1pbi1waWN0dXJlJTNCJTIwd2ViLXNoYXJlJTIyJTIwYWxsb3dmdWxsc2NyZWVuJTNFJTNDJTJGaWZyYW1lJTNFJTBB[\/vc_raw_html][\/vc_column_inner][\/vc_row_inner][\/vc_column][\/vc_row][vc_row equal_height=&#8221;yes&#8221; content_placement=&#8221;top&#8221; vc_row_background=&#8221;&#8221;][vc_column][vc_column_text]<\/p>\n<h2><strong>TH\u00d4NG TIN V\u1ec0 OTA\/ SALE OTA (FULL VIDEO SERIES)<\/strong><\/h2>\n<p>[\/vc_column_text][vc_row_inner][vc_column_inner][vc_raw_html]JTNDaWZyYW1lJTIwd2lkdGglM0QlMjIxMDAlMjUlMjIlMjBoZWlnaHQlM0QlMjI2NTAlMjIlMjBzcmMlM0QlMjJodHRwcyUzQSUyRiUyRnd3dy55b3V0dWJlLmNvbSUyRmVtYmVkJTJGdmlkZW9zZXJpZXMlM0ZzaSUzRGRsVGFZc0hGNjJNbUN2ZV8lMjZhbXAlM0JsaXN0JTNEUExKem5yejhwUmcyT0dMTUtWMmRXZUhKMlQ1dzhqYzZSQiUyMiUyMHRpdGxlJTNEJTIyWW91VHViZSUyMHZpZGVvJTIwcGxheWVyJTIyJTIwZnJhbWVib3JkZXIlM0QlMjIwJTIyJTIwYWxsb3clM0QlMjJhY2NlbGVyb21ldGVyJTNCJTIwYXV0b3BsYXklM0IlMjBjbGlwYm9hcmQtd3JpdGUlM0IlMjBlbmNyeXB0ZWQtbWVkaWElM0IlMjBneXJvc2NvcGUlM0IlMjBwaWN0dXJlLWluLXBpY3R1cmUlM0IlMjB3ZWItc2hhcmUlMjIlMjBhbGxvd2Z1bGxzY3JlZW4lM0UlM0MlMkZpZnJhbWUlM0U=[\/vc_raw_html][\/vc_column_inner][\/vc_row_inner][\/vc_column][\/vc_row][vc_row equal_height=&#8221;yes&#8221; content_placement=&#8221;top&#8221; vc_row_background=&#8221;&#8221;][vc_column][vc_row_inner][vc_column_inner width=&#8221;1\/2&#8243;][vc_column_text]<\/p>\n<h2><strong>H\u01af\u1edaNG D\u1eaaN V\u1ec0 K\u00caNH BOOKING.COM<\/strong><\/h2>\n<p>[\/vc_column_text][vc_raw_html]JTNDaWZyYW1lJTIwd2lkdGglM0QlMjIxMDAlMjUlMjIlMjBoZWlnaHQlM0QlMjIzNTAlMjIlMjBzcmMlM0QlMjJodHRwcyUzQSUyRiUyRnd3dy55b3V0dWJlLmNvbSUyRmVtYmVkJTJGdmlkZW9zZXJpZXMlM0ZzaSUzRE9IMUdtSXVEZW1RJTI2bGlzdCUzRFBMSnpucno4cFJnMlA4aVlLalp0bGctY3JzTzRwWWRQSzglMjIlMjB0aXRsZSUzRCUyMllvdVR1YmUlMjB2aWRlbyUyMHBsYXllciUyMiUyMGZyYW1lYm9yZGVyJTNEJTIyMCUyMiUyMGFsbG93JTNEJTIyYWNjZWxlcm9tZXRlciUzQiUyMGF1dG9wbGF5JTNCJTIwY2xpcGJvYXJkLXdyaXRlJTNCJTIwZW5jcnlwdGVkLW1lZGlhJTNCJTIwZ3lyb3Njb3BlJTNCJTIwcGljdHVyZS1pbi1waWN0dXJlJTNCJTIwd2ViLXNoYXJlJTIyJTIwYWxsb3dmdWxsc2NyZWVuJTNFJTNDJTJGaWZyYW1lJTNF[\/vc_raw_html][\/vc_column_inner][vc_column_inner width=&#8221;1\/2&#8243;][vc_column_text]<\/p>\n<h2><strong>H\u01af\u1edaNG D\u1eaaN V\u1ec0 K\u00caNH AGODA.COM<\/strong><\/h2>\n<p>[\/vc_column_text][vc_raw_html]JTNDaWZyYW1lJTIwd2lkdGglM0QlMjIxMDAlMjUlMjIlMjBoZWlnaHQlM0QlMjIzNTAlMjIlMjBzcmMlM0QlMjJodHRwcyUzQSUyRiUyRnd3dy55b3V0dWJlLmNvbSUyRmVtYmVkJTJGdmlkZW9zZXJpZXMlM0ZzaSUzRFo2ZEtCUFF6c1YwJTI2bGlzdCUzRFBMSnpucno4cFJnMlA4V1R1OWlia2lzdHdxQzNzNzNPWlIlMjIlMjB0aXRsZSUzRCUyMllvdVR1YmUlMjB2aWRlbyUyMHBsYXllciUyMiUyMGZyYW1lYm9yZGVyJTNEJTIyMCUyMiUyMGFsbG93JTNEJTIyYWNjZWxlcm9tZXRlciUzQiUyMGF1dG9wbGF5JTNCJTIwY2xpcGJvYXJkLXdyaXRlJTNCJTIwZW5jcnlwdGVkLW1lZGlhJTNCJTIwZ3lyb3Njb3BlJTNCJTIwcGljdHVyZS1pbi1waWN0dXJlJTNCJTIwd2ViLXNoYXJlJTIyJTIwYWxsb3dmdWxsc2NyZWVuJTNFJTNDJTJGaWZyYW1lJTNF[\/vc_raw_html][\/vc_column_inner][\/vc_row_inner][vc_row_inner][vc_column_inner width=&#8221;1\/2&#8243;][vc_column_text]<\/p>\n<h2><strong>H\u01af\u1edaNG D\u1eaaN V\u1ec0 K\u00caNH EXPEDIA.COM<\/strong><\/h2>\n<p>[\/vc_column_text][vc_raw_html]JTNDaWZyYW1lJTIwd2lkdGglM0QlMjIxMDAlMjUlMjIlMjBoZWlnaHQlM0QlMjIzNTAlMjIlMjBzcmMlM0QlMjJodHRwcyUzQSUyRiUyRnd3dy55b3V0dWJlLmNvbSUyRmVtYmVkJTJGdmlkZW9zZXJpZXMlM0ZzaSUzRFFyNEhpbnBrVzJZJTI2bGlzdCUzRFBMSnpucno4cFJnMk5CbDVUQ215VExHM3NhM0J1dnhrVnglMjIlMjB0aXRsZSUzRCUyMllvdVR1YmUlMjB2aWRlbyUyMHBsYXllciUyMiUyMGZyYW1lYm9yZGVyJTNEJTIyMCUyMiUyMGFsbG93JTNEJTIyYWNjZWxlcm9tZXRlciUzQiUyMGF1dG9wbGF5JTNCJTIwY2xpcGJvYXJkLXdyaXRlJTNCJTIwZW5jcnlwdGVkLW1lZGlhJTNCJTIwZ3lyb3Njb3BlJTNCJTIwcGljdHVyZS1pbi1waWN0dXJlJTNCJTIwd2ViLXNoYXJlJTIyJTIwYWxsb3dmdWxsc2NyZWVuJTNFJTNDJTJGaWZyYW1lJTNF[\/vc_raw_html][\/vc_column_inner][vc_column_inner width=&#8221;1\/2&#8243;][vc_column_text]<\/p>\n<h2><strong>H\u01af\u1edaNG D\u1eaaN V\u1ec0 K\u00caNH AIRBNB<\/strong><\/h2>\n<p>[\/vc_column_text][vc_raw_html]JTNDaWZyYW1lJTIwd2lkdGglM0QlMjIxMDAlMjUlMjIlMjBoZWlnaHQlM0QlMjIzNTAlMjIlMjBzcmMlM0QlMjJodHRwcyUzQSUyRiUyRnd3dy55b3V0dWJlLmNvbSUyRmVtYmVkJTJGdmlkZW9zZXJpZXMlM0ZzaSUzRGlkV1JzS2ZNT0RvJTI2bGlzdCUzRFBMSnpucno4cFJnMk1hSjRYNVVzbjZlUHlXa0pEekNucEwlMjIlMjB0aXRsZSUzRCUyMllvdVR1YmUlMjB2aWRlbyUyMHBsYXllciUyMiUyMGZyYW1lYm9yZGVyJTNEJTIyMCUyMiUyMGFsbG93JTNEJTIyYWNjZWxlcm9tZXRlciUzQiUyMGF1dG9wbGF5JTNCJTIwY2xpcGJvYXJkLXdyaXRlJTNCJTIwZW5jcnlwdGVkLW1lZGlhJTNCJTIwZ3lyb3Njb3BlJTNCJTIwcGljdHVyZS1pbi1waWN0dXJlJTNCJTIwd2ViLXNoYXJlJTIyJTIwYWxsb3dmdWxsc2NyZWVuJTNFJTNDJTJGaWZyYW1lJTNF[\/vc_raw_html][\/vc_column_inner][\/vc_row_inner][vc_row_inner][vc_column_inner width=&#8221;1\/2&#8243;][vc_column_text]<\/p>\n<h2><strong>H\u01af\u1edaNG D\u1eaaN V\u1ec0 K\u00caNH TRAVELOKA.COM<\/strong><\/h2>\n<p>[\/vc_column_text][vc_raw_html]JTNDaWZyYW1lJTIwd2lkdGglM0QlMjIxMDAlMjUlMjIlMjBoZWlnaHQlM0QlMjIzNTAlMjIlMjBzcmMlM0QlMjJodHRwcyUzQSUyRiUyRnd3dy55b3V0dWJlLmNvbSUyRmVtYmVkJTJGdmlkZW9zZXJpZXMlM0ZzaSUzRGc5MUpfLWlRRmNnJTI2bGlzdCUzRFBMSnpucno4cFJnMlBFa1dDbTdoWTlEaE1lQXVGRDlUWlklMjIlMjB0aXRsZSUzRCUyMllvdVR1YmUlMjB2aWRlbyUyMHBsYXllciUyMiUyMGZyYW1lYm9yZGVyJTNEJTIyMCUyMiUyMGFsbG93JTNEJTIyYWNjZWxlcm9tZXRlciUzQiUyMGF1dG9wbGF5JTNCJTIwY2xpcGJvYXJkLXdyaXRlJTNCJTIwZW5jcnlwdGVkLW1lZGlhJTNCJTIwZ3lyb3Njb3BlJTNCJTIwcGljdHVyZS1pbi1waWN0dXJlJTNCJTIwd2ViLXNoYXJlJTIyJTIwYWxsb3dmdWxsc2NyZWVuJTNFJTNDJTJGaWZyYW1lJTNF[\/vc_raw_html][\/vc_column_inner][vc_column_inner width=&#8221;1\/2&#8243;][vc_column_text]<\/p>\n<h2><strong>H\u01af\u1edaNG D\u1eaaN V\u1ec0 K\u00caNH VNTRIP.VN<\/strong><\/h2>\n<p>[\/vc_column_text][vc_raw_html]JTNDaWZyYW1lJTIwd2lkdGglM0QlMjIxMDAlMjUlMjIlMjBoZWlnaHQlM0QlMjIzNTAlMjIlMjBzcmMlM0QlMjJodHRwcyUzQSUyRiUyRnd3dy55b3V0dWJlLmNvbSUyRmVtYmVkJTJGdmlkZW9zZXJpZXMlM0ZzaSUzRHJocXRPTURfblVZJTI2bGlzdCUzRFBMSnpucno4cFJnMk9VVXgxZ242cEVGeUx2MENXYlZyUWwlMjIlMjB0aXRsZSUzRCUyMllvdVR1YmUlMjB2aWRlbyUyMHBsYXllciUyMiUyMGZyYW1lYm9yZGVyJTNEJTIyMCUyMiUyMGFsbG93JTNEJTIyYWNjZWxlcm9tZXRlciUzQiUyMGF1dG9wbGF5JTNCJTIwY2xpcGJvYXJkLXdyaXRlJTNCJTIwZW5jcnlwdGVkLW1lZGlhJTNCJTIwZ3lyb3Njb3BlJTNCJTIwcGljdHVyZS1pbi1waWN0dXJlJTNCJTIwd2ViLXNoYXJlJTIyJTIwYWxsb3dmdWxsc2NyZWVuJTNFJTNDJTJGaWZyYW1lJTNF[\/vc_raw_html][\/vc_column_inner][\/vc_row_inner][vc_row_inner][vc_column_inner width=&#8221;1\/2&#8243;][vc_column_text]<\/p>\n<h2><strong>H\u01af\u1edaNG D\u1eaaN V\u1ec0 K\u00caNH MYTOUR.VN<\/strong><\/h2>\n<p>[\/vc_column_text][vc_raw_html]JTNDaWZyYW1lJTIwd2lkdGglM0QlMjIxMDAlMjUlMjIlMjBoZWlnaHQlM0QlMjIzNTAlMjIlMjBzcmMlM0QlMjJodHRwcyUzQSUyRiUyRnd3dy55b3V0dWJlLmNvbSUyRmVtYmVkJTJGdmlkZW9zZXJpZXMlM0ZzaSUzRFlBUl9nUEtoS1VRJTI2bGlzdCUzRFBMSnpucno4cFJnMk14YVdEZ1EybTlPYTNtNkN4bEl3Q2clMjIlMjB0aXRsZSUzRCUyMllvdVR1YmUlMjB2aWRlbyUyMHBsYXllciUyMiUyMGZyYW1lYm9yZGVyJTNEJTIyMCUyMiUyMGFsbG93JTNEJTIyYWNjZWxlcm9tZXRlciUzQiUyMGF1dG9wbGF5JTNCJTIwY2xpcGJvYXJkLXdyaXRlJTNCJTIwZW5jcnlwdGVkLW1lZGlhJTNCJTIwZ3lyb3Njb3BlJTNCJTIwcGljdHVyZS1pbi1waWN0dXJlJTNCJTIwd2ViLXNoYXJlJTIyJTIwYWxsb3dmdWxsc2NyZWVuJTNFJTNDJTJGaWZyYW1lJTNF[\/vc_raw_html][\/vc_column_inner][vc_column_inner width=&#8221;1\/2&#8243;][vc_column_text]<\/p>\n<h2><strong>H\u01af\u1edaNG D\u1eaaN V\u1ec0 K\u00caNH KH\u00c1C<\/strong><\/h2>\n<p>[\/vc_column_text][vc_raw_html]JTNDaWZyYW1lJTIwd2lkdGglM0QlMjIxMDAlMjUlMjIlMjBoZWlnaHQlM0QlMjIzNTAlMjIlMjBzcmMlM0QlMjJodHRwcyUzQSUyRiUyRnd3dy55b3V0dWJlLmNvbSUyRmVtYmVkJTJGdmlkZW9zZXJpZXMlM0ZzaSUzRGh6dW1LenY5anpjJTI2bGlzdCUzRFBMSnpucno4cFJnMk9FNFZYNFdnSGs4Qm5GVVJRVmRQeW8lMjIlMjB0aXRsZSUzRCUyMllvdVR1YmUlMjB2aWRlbyUyMHBsYXllciUyMiUyMGZyYW1lYm9yZGVyJTNEJTIyMCUyMiUyMGFsbG93JTNEJTIyYWNjZWxlcm9tZXRlciUzQiUyMGF1dG9wbGF5JTNCJTIwY2xpcGJvYXJkLXdyaXRlJTNCJTIwZW5jcnlwdGVkLW1lZGlhJTNCJTIwZ3lyb3Njb3BlJTNCJTIwcGljdHVyZS1pbi1waWN0dXJlJTNCJTIwd2ViLXNoYXJlJTIyJTIwYWxsb3dmdWxsc2NyZWVuJTNFJTNDJTJGaWZyYW1lJTNF[\/vc_raw_html][\/vc_column_inner][\/vc_row_inner][\/vc_column][\/vc_row][vc_row equal_height=&#8221;yes&#8221; content_placement=&#8221;top&#8221; vc_row_background=&#8221;&#8221;][vc_column][vc_column_text]<\/p>\n<h2><strong>TH\u00d4NG TIN C\u1eacP NH\u1eacT T\u1eea #SCO #OTAVN #TXL<\/strong><\/h2>\n<p>[\/vc_column_text][vc_row_inner][vc_column_inner][vc_raw_html]JTNDaWZyYW1lJTIwd2lkdGglM0QlMjIxMDAlMjUlMjIlMjBoZWlnaHQlM0QlMjI2NTAlMjIlMjBzcmMlM0QlMjJodHRwcyUzQSUyRiUyRnd3dy55b3V0dWJlLmNvbSUyRmVtYmVkJTJGdmlkZW9zZXJpZXMlM0ZzaSUzRHRRQjJmYTNUVl92LXQ1YlElMjZhbXAlM0JsaXN0JTNEUExKem5yejhwUmcyTUtVMHU5dHA0ODNJOFpoMjZYQ3BCNyUyMiUyMHRpdGxlJTNEJTIyWW91VHViZSUyMHZpZGVvJTIwcGxheWVyJTIyJTIwZnJhbWVib3JkZXIlM0QlMjIwJTIyJTIwYWxsb3clM0QlMjJhY2NlbGVyb21ldGVyJTNCJTIwYXV0b3BsYXklM0IlMjBjbGlwYm9hcmQtd3JpdGUlM0IlMjBlbmNyeXB0ZWQtbWVkaWElM0IlMjBneXJvc2NvcGUlM0IlMjBwaWN0dXJlLWluLXBpY3R1cmUlM0IlMjB3ZWItc2hhcmUlMjIlMjBhbGxvd2Z1bGxzY3JlZW4lM0UlM0MlMkZpZnJhbWUlM0U=[\/vc_raw_html][\/vc_column_inner][\/vc_row_inner][\/vc_column][\/vc_row][vc_row equal_height=&#8221;yes&#8221; content_placement=&#8221;top&#8221; vc_row_background=&#8221;&#8221;][vc_column width=&#8221;1\/2&#8243;][\/vc_column][vc_column width=&#8221;1\/2&#8243;][\/vc_column][\/vc_row]<\/p>\n<\/div>","protected":false},"excerpt":{"rendered":"<p>[vc_row equal_height=&#8221;yes&#8221; content_placement=&#8221;top&#8221; vc_row_background=&#8221;&#8221;][vc_column][vc_message]D\u01b0\u1edbi \u0111\u00e2y l\u00e0 to\u00e0n b\u1ed9 video t\u1eeb #SCO #OTAVN #TXL. B\u1ea1n c\u00f3 th\u1ec3 xem tr\u1ef1c ti\u1ebfp t\u1ea1i \u0111\u00e2y, khi ch\u1ecdn xem b\u1ea1n c\u00f3 th\u1ec3 m\u1edf full m\u00e0n h\u00ecnh \u0111\u1ec3 xem ho\u1eb7c b\u1ea5m v\u00e0o link tr\u00ean m\u1ed7i video \u0111\u1ec3 chuy\u1ec3n xem tr\u00ean Youtube ho\u1eb7c truy c\u1eadp v\u00e0o link d\u01b0\u1edbi \u0111\u00e2y \u0111\u1ec3 xem chi [&hellip;]<\/p>\n","protected":false},"author":1,"featured_media":0,"parent":0,"menu_order":0,"comment_status":"closed","ping_status":"closed","template":"","meta":{"_seopress_robots_primary_cat":"","_seopress_titles_title":"","_seopress_titles_desc":"","_seopress_robots_index":"","jnews_page_loop":{"enable_page_loop":"0","first_title":"Latest Post","second_title":"","header_type":"heading_6","header_background":"","header_text_color":"","layout":"right-sidebar","sidebar":"default-sidebar","second_sidebar":"default-sidebar","sticky_sidebar":"1","module":"3","boxed":"0","boxed_shadow":"0","box_shadow":"0","excerpt_length":"20","content_date":"default","date_custom":"Y\/m\/d","content_pagination":"nav_1","pagination_align":"center","show_navtext":"0","show_pageinfo":"0","post_offset":"0","posts_per_page":"5","include_post":"","exclude_post":"","include_category":"","exclude_category":"","include_author":"","include_tag":"","exclude_tag":"","sort_by":"latest","main_custom_image_size":"default","second_custom_image_size":"default","post_sticky":"0"},"jnews_single_page":{"layout":"no-sidebar","sidebar":"default-sidebar","second_sidebar":"default-sidebar","sticky_sidebar":"1","show_post_featured":"1","show_post_meta":"0","share_position":"top","share_color":"share-monocrhome","show_post_title":"1","show_post_breadcrumbs":"1"},"footnotes":""},"class_list":["post-395617","page","type-page","status-publish","hentry"],"_links":{"self":[{"href":"https:\/\/otavietnam.com\/blog\/wp-json\/wp\/v2\/pages\/395617","targetHints":{"allow":["GET"]}}],"collection":[{"href":"https:\/\/otavietnam.com\/blog\/wp-json\/wp\/v2\/pages"}],"about":[{"href":"https:\/\/otavietnam.com\/blog\/wp-json\/wp\/v2\/types\/page"}],"author":[{"embeddable":true,"href":"https:\/\/otavietnam.com\/blog\/wp-json\/wp\/v2\/users\/1"}],"replies":[{"embeddable":true,"href":"https:\/\/otavietnam.com\/blog\/wp-json\/wp\/v2\/comments?post=395617"}],"version-history":[{"count":3,"href":"https:\/\/otavietnam.com\/blog\/wp-json\/wp\/v2\/pages\/395617\/revisions"}],"predecessor-version":[{"id":452678,"href":"https:\/\/otavietnam.com\/blog\/wp-json\/wp\/v2\/pages\/395617\/revisions\/452678"}],"wp:attachment":[{"href":"https:\/\/otavietnam.com\/blog\/wp-json\/wp\/v2\/media?parent=395617"}],"curies":[{"name":"wp","href":"https:\/\/api.w.org\/{rel}","templated":true}]}}