{"id":394843,"date":"2024-01-15T07:52:15","date_gmt":"2024-01-15T07:52:15","guid":{"rendered":"https:\/\/otavietnam.com\/?page_id=394843"},"modified":"2024-02-03T13:24:59","modified_gmt":"2024-02-03T13:24:59","slug":"gioi-thieu-ve-otavn-ota-viet-nam","status":"publish","type":"page","link":"https:\/\/otavietnam.com\/blog\/gioi-thieu-ve-otavn-ota-viet-nam\/","title":{"rendered":"Gi\u1edbi thi\u1ec7u v\u1ec1 OTAVN  (OTA Vi\u1ec7t Nam)"},"content":{"rendered":"<p><strong><span style=\"color: #ff0000;\">OTA<\/span><span style=\"color: #38b6ff;\">VN<\/span><\/strong>\u00a0vi\u1ebft t\u1eaft c\u1ee7a <strong><span style=\"color: #ff0000;\">OTA <\/span><span style=\"color: #38b6ff;\">Vi\u1ec7t Nam<\/span><\/strong> l\u00e0 m\u1ed9t <strong>th\u01b0\u01a1ng hi\u1ec7u con<\/strong> \u0111\u01b0\u1ee3c s\u1edf h\u1eefu b\u1edfi <strong>C\u00d4NG TY TNHH SCO VI\u1ec6T NAM<\/strong>. OTAVN \u0111\u01b0\u1ee3c gh\u00e9p b\u1edfi 2 c\u1ee5m t\u1eeb vi\u1ebft t\u1eaft l\u00e0 <strong>OTA<\/strong> (Online Travel Agency) v\u00e0 <strong>VN<\/strong> (Vi\u1ec7t Nam), xu\u1ea5t ph\u00e1t t\u1eeb d\u1ecbch v\u1ee5 c\u1ed1t l\u00f5i (<strong>D\u1ecbch v\u1ee5 OTA<\/strong>) v\u00e0 c\u00f3 th\u01b0\u01a1ng hi\u1ec7u xu\u1ea5t x\u1ee9 t\u1eeb Vi\u1ec7t Nam (<strong>VN<\/strong>). OTAVN mu\u1ed1n x\u00e2y d\u1ef1ng m\u1ed9t ch\u1ed7 \u0111\u1ee9ng trong t\u00e2m tr\u00ed kh\u00e1ch h\u00e0ng, \u0111\u1ed1i t\u00e1c khi ngh\u0129 \u0111\u1ebfn c\u00e1c d\u1ecbch v\u1ee5 h\u1ed7 tr\u1ee3 v\u1ec1 <strong>Sale &amp; Marketing<\/strong>, v\u1eadn h\u00e0nh tr\u00ean m\u00f4i tr\u01b0\u1eddng s\u1ed1 (<strong>Online\/ Digital<\/strong>) h\u00e0ng \u0111\u1ea7u trong ng\u00e0nh du l\u1ecbch. OTAVN h\u01b0\u1edbng \u0111\u1ebfn th\u1ecb tr\u01b0\u1eddng to\u00e0n c\u1ea7u, \u0111\u1ec3 h\u1ed7 tr\u1ee3 cho m\u1ecdi \u0111\u1ed1i t\u00e1c, kh\u00e1ch h\u00e0ng kh\u00f4ng gi\u1edbi h\u1ea1n b\u1ea5t k\u1ef3 kh\u00f4ng gian\/ \u0111\u1ecba l\u00fd n\u00e0o.<\/p>\n<div class=\"jeg_video_container jeg_video_content\"><iframe loading=\"lazy\" title=\"TXL- Gi\u1edbi thi\u1ec7u v\u1ec1 th\u01b0\u01a1ng hi\u1ec7u OTAVN  (OTAVietnam) qu\u1ea3n l\u00fd b\u1edfi SCO Vi\u1ec7t Nam\" width=\"500\" height=\"281\" src=\"https:\/\/www.youtube.com\/embed\/T35irNVkAmM?feature=oembed\" frameborder=\"0\" allow=\"accelerometer; autoplay; clipboard-write; encrypted-media; gyroscope; picture-in-picture; web-share\" referrerpolicy=\"strict-origin-when-cross-origin\" allowfullscreen><\/iframe><\/div>\n<h2>Gi\u1edbi Thi\u1ec7u Chung v\u1ec1 OTA v\u00e0 d\u1ecbch v\u1ee5 cung c\u1ea5p b\u1edfi OTAVN<\/h2>\n<p><strong><span style=\"color: #ff0000;\">OTA<\/span><span style=\"color: #38b6ff;\">VN<\/span><\/strong>\u00a0l\u00e0 th\u01b0\u01a1ng hi\u1ec7u h\u00e0ng \u0111\u1ea7u thu\u1ed9c s\u1edf h\u1eefu c\u1ee7a <strong>c\u00f4ng ty TNHH SCO Vi\u1ec7t Nam<\/strong>, chuy\u00ean v\u1ec1 l\u0129nh v\u1ef1c OTAVN cung c\u1ea5p c\u00e1c d\u1ecbch v\u1ee5 v\u1ec1 OTA hay Digital Marketing nh\u01b0:<br \/>\n&#8211; <a href=\"https:\/\/daotao.otavietnam.com\/\"><strong>\u0110\u00e0o t\u1ea1o v\u1ec1 Sale OTA<\/strong><\/a>, <a href=\"https:\/\/dichvu.otavietnam.com\/dich-vu-dang-ky-moi-kenh-sale-ota-cho-khach-san-homestay\/\">d\u1ecbch v\u1ee5 m\u1edf\/ \u0111\u0103ng k\u00fd m\u1edbi k\u00eanh OTA<\/a>, <a href=\"https:\/\/dichvu.otavietnam.com\/dich-vu-toi-uu-cac-kenh-sale-ota-cho-khach-san-homestay\/?doing_wp_cron=1705305299.6348919868469238281250\">t\u1ed1i \u01b0u k\u00eanh OTA<\/a>, <a href=\"https:\/\/dichvu.otavietnam.com\/dich-vu-quan-tri-van-hanh-kenh-ota-sales-ota-agent-tai-viet-nam\/\">qu\u1ea3n tr\u1ecb v\u1eadn h\u00e0nh SALE OTA<\/a>, hay t\u01b0 v\u1ea5n v\u1eadn h\u00e0nh cho c\u00e1c c\u01a1 s\u1edf l\u01b0u tr\u00fa<br \/>\n&#8211; <a href=\"https:\/\/dichvu.otavietnam.com\/dich-vu-thiet-ke-website-cho-khach-san-homestay-chat-luong-gia-re\">D\u1ecbch v\u1ee5 thi\u1ebft website, t\u1ed1i \u01b0u website onpage<\/a><br \/>\n&#8211; D\u1ecbch v\u1ee5 marketing one (tr\u1ea3 m\u1ed9t l\u1ea7n) d\u00e0nh cho c\u00e1c startup, c\u01a1 s\u1edf l\u01b0u tr\u00fa m\u1edbi mu\u1ed1n tri\u1ec3n khai \u0111\u1ed3ng b\u1ed9 v\u00e0 x\u00e2y d\u1ef1ng th\u01b0\u01a1ng hi\u1ec7u ngay t\u1eeb \u0111\u1ea7u<br \/>\n&#8211; D\u1ecbch v\u1ee5 marketing monthly (tr\u1ea3 h\u00e0ng th\u00e1ng) cung c\u1ea5p \u0111\u1ec3 duy tr\u00ec s\u1ef1 hi\u1ec7n di\u1ec7n, t\u00ecm ki\u1ebfm kh\u00e1ch h\u00e0ng ti\u1ec1m n\u0103ng<br \/>\n&#8211; D\u1ecbch v\u1ee5 c\u00e0i \u0111\u1eb7t c\u1ea5u h\u00ecnh v\u00e0 h\u01b0\u1edbng d\u1eabn s\u1eed d\u1ee5ng h\u1ec7 th\u1ed1ng CRM\/ Email marketing\/ Automation ri\u00eang cho doanh nghi\u1ec7p (C\u01a1 s\u1edf l\u01b0u tr\u00fa). Ngo\u00e0i ra ch\u00fang t\u00f4i c\u0169ng cung c\u1ea5p c\u00e1c d\u1ecbch v\u1ee5 s\u1eed d\u1ee5ng CRM\/ Email marketing s\u1eed d\u1ee5ng h\u00e0ng th\u00e1ng tr\u00ean h\u1ec7 th\u1ed1ng m\u00e1y ch\u1ee7 c\u1ee7a #OTAVN\/ #SCO<\/p>\n<figure id=\"attachment_412461\" aria-describedby=\"caption-attachment-412461\" style=\"width: 1920px\" class=\"wp-caption aligncenter\"><img loading=\"lazy\" decoding=\"async\" class=\"wp-image-412461 size-full\" src=\"https:\/\/otavietnam.com\/wp-content\/uploads\/2024\/01\/gioi-thieu-ve-thuong-hieu-otavn-ota-viet-nam.png\" alt=\"Gioi Thieu Ve Thuong Hieu Otavn Ota Viet Nam\" width=\"1920\" height=\"1080\" srcset=\"https:\/\/otavietnam.com\/blog\/wp-content\/uploads\/2024\/01\/gioi-thieu-ve-thuong-hieu-otavn-ota-viet-nam.png 1920w, https:\/\/otavietnam.com\/blog\/wp-content\/uploads\/2024\/01\/gioi-thieu-ve-thuong-hieu-otavn-ota-viet-nam-300x169.png 300w, https:\/\/otavietnam.com\/blog\/wp-content\/uploads\/2024\/01\/gioi-thieu-ve-thuong-hieu-otavn-ota-viet-nam-1024x576.png 1024w, https:\/\/otavietnam.com\/blog\/wp-content\/uploads\/2024\/01\/gioi-thieu-ve-thuong-hieu-otavn-ota-viet-nam-768x432.png 768w, https:\/\/otavietnam.com\/blog\/wp-content\/uploads\/2024\/01\/gioi-thieu-ve-thuong-hieu-otavn-ota-viet-nam-1536x864.png 1536w, https:\/\/otavietnam.com\/blog\/wp-content\/uploads\/2024\/01\/gioi-thieu-ve-thuong-hieu-otavn-ota-viet-nam-750x422.png 750w, https:\/\/otavietnam.com\/blog\/wp-content\/uploads\/2024\/01\/gioi-thieu-ve-thuong-hieu-otavn-ota-viet-nam-1140x641.png 1140w\" sizes=\"auto, (max-width: 1920px) 100vw, 1920px\" \/><figcaption id=\"caption-attachment-412461\" class=\"wp-caption-text\">Gi\u1edbi thi\u1ec7u v\u1ec1 c\u00e1c d\u1ecbch v\u1ee5 cung c\u1ea5p b\u1edfi OTA Vi\u1ec7t Nam (OTAVN)<\/figcaption><\/figure>\n<p><strong><span style=\"color: #ff0000;\">OTA<\/span><span style=\"color: #38b6ff;\">VN<\/span><\/strong>\u00a0v\u1eadn h\u00e0nh v\u1edbi ph\u01b0\u01a1ng tr\u00e2m: <strong>\u0110\u00c0O T\u1ea0O T\u1eea TH\u1ef0C TI\u1ec4N<\/strong> &#8211; <strong>H\u1ed6 TR\u1ee2 TR\u1eccN \u0110\u1edcI<\/strong> &#8211; <strong>\u00c1P D\u1ee4NG L\u00c0 C\u00d3 HI\u1ec6U QU\u1ea2 NGAY<\/strong> cam k\u1ebft mang \u0111\u1ebfn tr\u1ea3i nghi\u1ec7m kh\u00f4ng ng\u1eebng c\u1ea3i ti\u1ebfn v\u00e0 \u0111\u1ed9c \u0111\u00e1o cho kh\u00e1ch h\u00e0ng li\u00ean t\u1ee5c, th\u01b0\u1eddng xuy\u00ean th\u00f4ng qua h\u1ec7 th\u1ed1ng Email m\u00e0 kh\u00e1ch h\u00e0ng \u0111\u00e3 \u0111\u0103ng k\u00fd.<\/p>\n<h3>Gi\u00e1 tr\u1ecb c\u1ed1t l\u00f5i c\u1ee7a OTAVN<\/h3>\n<p><strong><span style=\"color: #ff0000;\">OTA<\/span><span style=\"color: #38b6ff;\">VN<\/span><\/strong>\u00a0c\u0169ng gi\u00fap \u0111\u1ee1, gi\u1ea3i \u0111\u00e1p c\u00e1c th\u1eafc m\u1eafc c\u1ee7a t\u1ea5t c\u1ea3 kh\u00e1ch h\u00e0ng (<strong>k\u1ec3 c\u1ea3 ch\u01b0a s\u1eed d\u1ee5ng d\u1ecbch v\u1ee5 c\u1ee7a OTA Vi\u1ec7t Nam<\/strong>) khi li\u00ean h\u1ec7 v\u1edbi ch\u00fang t\u00f4i v\u1edbi ti\u00eau ch\u00ed (<strong>Gi\u00e1 tr\u1ecb c\u1ed1t l\u00f5i<\/strong>): <strong>Nhi\u1ec7t t\u00ecnh<\/strong> &#8211; <strong>Ch\u00e2n th\u00e0nh<\/strong> &#8211; <strong>T\u1eed t\u1ebf<\/strong>. Ch\u00fang t\u00f4i s\u1ebd <strong>t\u01b0 v\u1ea5n \u0111\u00fang \u0111\u1eafn, ch\u00e2n th\u1ef1c<\/strong> v\u1ec1 s\u1ea3n ph\u1ea9m, d\u1ecbch v\u1ee5 \u0111\u1ec3 cho qu\u00fd \u0111\u1ed1i t\u00e1c\/ kh\u00e1ch h\u00e0ng c\u00f3 th\u1ec3 l\u1ef1a ch\u1ecdn (c\u00e2n nh\u1eafc) s\u1eed d\u1ee5ng c\u00e1c d\u1ecbch v\u1ee5 c\u1ee7a OTAVN hay g\u1ee3i \u00fd s\u1eed d\u1ee5ng c\u00e1c d\u1ecbch v\u1ee5 kh\u00e1c ph\u00f9 h\u1ee3p. Th\u1ef1c t\u1ebf ch\u00fang t\u00f4i \u0111\u00e3 t\u1eeb ch\u1ed1i ph\u1ee5c v\u1ee5 r\u1ea5t nhi\u1ec1u c\u00e1c y\u00eau c\u1ea7u m\u00e0 ch\u00fang t\u00f4i th\u1ea5y kh\u00f4ng ph\u00f9 h\u1ee3p hay kh\u00f4ng \u0111\u00e1p \u1ee9ng \u0111\u01b0\u1ee3c th\u1eddi gian.<\/p>\n<h3>S\u1ee9 M\u1ec7nh c\u1ee7a OTAVN<\/h3>\n<p>S\u1ee9 m\u1ec7nh c\u1ee7a <strong><span style=\"color: #ff0000;\">OTA<\/span><span style=\"color: #38b6ff;\">VN<\/span><\/strong>\u00a0l\u00e0 <strong>GI\u00daP CHO C\u00c1C DOANH NGHI\u1ec6P (CSLT) HO\u1ea0T \u0110\u1ed8NG HI\u1ec6U QU\u1ea2 V\u1edaI CHI PH\u00cd T\u1ed0I \u01afU NH\u1ea4T, \u1ee8NG D\u1ee4NG HI\u1ec6U QU\u1ea2 C\u00d4NG NGH\u1ec6 V\u00c0O KINH DOANH<\/strong> \u0111\u1eb7c bi\u1ec7t l\u00e0 c\u00e1c doanh nghi\u1ec7p nh\u1ecf v\u00e0 v\u1eeba. Ch\u00fang t\u00f4i kh\u00f4ng ch\u1ec9 cung c\u1ea5p d\u1ecbch v\u1ee5, m\u00e0 c\u00f2n t\u1ea1o ra gi\u00e1 tr\u1ecb th\u1ef1c s\u1ef1 cho c\u1ed9ng \u0111\u1ed3ng v\u00e0 kh\u00e1ch h\u00e0ng.<\/p>\n<h3>Ch\u1ea5t L\u01b0\u1ee3ng v\u00e0 \u0110\u1ed5i M\u1edbi t\u1eeb OTAVN:<\/h3>\n<p>Ch\u00fang t\u00f4i t\u1ef1 h\u00e0o v\u1ec1 ch\u1ea5t l\u01b0\u1ee3ng s\u1ea3n ph\u1ea9m\/d\u1ecbch v\u1ee5 h\u00e0ng \u0111\u1ea7u v\u00e0 cam k\u1ebft \u0111\u1ed5i m\u1edbi li\u00ean t\u1ee5c \u0111\u1ec3 \u0111\u00e1p \u1ee9ng nhu c\u1ea7u ng\u00e0y c\u00e0ng \u0111a d\u1ea1ng c\u1ee7a kh\u00e1ch h\u00e0ng. V\u1edbi \u0111\u1ed9i ng\u0169 chuy\u00ean gia h\u00e0ng \u0111\u1ea7u, ch\u00fang t\u00f4i kh\u00f4ng ng\u1eebng nghi\u00ean c\u1ee9u v\u00e0 ph\u00e1t tri\u1ec3n \u0111\u1ec3 mang \u0111\u1ebfn nh\u1eefng gi\u1ea3i ph\u00e1p hi\u1ec7u qu\u1ea3 v\u00e0 ti\u00ean ti\u1ebfn nh\u1ea5t, ph\u00f9 h\u1ee3p nh\u1ea5t v\u1edbi chi ph\u00ed t\u1ed1i \u01b0u.<\/p>\n<h3>OTAVN K\u1ebft N\u1ed1i v\u00e0 Cam K\u1ebft Kh\u00e1ch H\u00e0ng:<\/h3>\n<p><strong><span style=\"color: #ff0000;\">OTA<\/span><span style=\"color: #38b6ff;\">VN<\/span><\/strong> x\u00e2y d\u1ef1ng m\u1ed1i quan h\u1ec7 ch\u1eb7t ch\u1ebd v\u1edbi kh\u00e1ch h\u00e0ng th\u00f4ng qua s\u1ef1 t\u1eadn t\u00e2m v\u00e0 cam k\u1ebft v\u1eefng v\u00e0ng. Th\u00f4ng qua h\u1ec7 th\u1ed1ng website, c\u00e1c n\u1ec1n t\u1ea3ng h\u1ed7 tr\u1ee3 tr\u1ef1c tuy\u1ebfn ph\u1ed5 bi\u1ebfn, Qu\u00fd \u0111\u1ed1i t\u00e1c\/ kh\u00e1ch h\u00e0ng c\u00f3 th\u1ec3 k\u1ebft n\u1ed1i v\u1edbi <strong><span style=\"color: #ff0000;\">OTA<\/span><span style=\"color: #38b6ff;\">VN<\/span><\/strong> m\u1ed9t c\u00e1ch nhanh ch\u00f3ng.<br \/>\nCh\u00fang t\u00f4i lu\u00f4n l\u1eafng nghe \u00fd ki\u1ebfn v\u00e0 ph\u1ea3n h\u1ed3i t\u1eeb kh\u00e1ch h\u00e0ng \u0111\u1ec3 n\u00e2ng cao ch\u1ea5t l\u01b0\u1ee3ng d\u1ecbch v\u1ee5 v\u00e0 s\u1ea3n ph\u1ea9m.<br \/>\n<strong><span style=\"color: #ff0000;\">OTA<\/span><span style=\"color: #38b6ff;\">VN<\/span><\/strong>\u00a0kh\u00f4ng ch\u1ec9 ch\u00fa tr\u1ecdng v\u00e0o kh\u00eda c\u1ea1nh kinh doanh, m\u00e0 c\u00f2n \u0111\u1eb7t m\u1ee5c ti\u00eau b\u1ec1n v\u1eefng v\u00e0 \u0111\u00f3ng g\u00f3p t\u00edch c\u1ef1c cho c\u1ed9ng \u0111\u1ed3ng v\u00e0 m\u00f4i tr\u01b0\u1eddng.<\/p>\n<h2>\u0110\u00f4i n\u00e9t v\u1ec1 nh\u00e0 s\u00e1ng l\u1eadp Tr\u1ea7n Xu\u00e2n L\u1ed9c<\/h2>\n<p>Sinh n\u0103m 1988 t\u1ea1i Nam \u0110\u1ecbnh, <a href=\"https:\/\/tranxuanloc.com\/gioi-thieu-ve-ban-than\/\"><strong>Tr\u1ea7n Xu\u00e2n L\u1ed9c<\/strong><\/a> l\u00e0 c\u00e1i t\u00ean kh\u00f4ng th\u1ec3 kh\u00f4ng k\u1ec3 \u0111\u1ebfn khi nh\u1eafc \u0111\u1ebfn s\u1ef1 ph\u00e1t tri\u1ec3n c\u1ee7a th\u01b0\u01a1ng hi\u1ec7u <strong>#<span style=\"color: #ff0000;\">OTA<\/span><span style=\"color: #38b6ff;\">VN<\/span> <\/strong>\/ <strong>#SCO<\/strong>. V\u1edbi t\u00e2m huy\u1ebft v\u00e0 ni\u1ec1m \u0111am m\u00ea l\u1edbn v\u1edbi ng\u00e0nh du l\u1ecbch, \u00f4ng \u0111\u00e3 t\u1ea1o n\u00ean m\u1ed9t h\u00e0nh tr\u00ecnh \u1ea5n t\u01b0\u1ee3ng, \u0111\u00e1nh d\u1ea5u b\u1eb1ng vi\u1ec7c s\u00e1ng l\u1eadp v\u00e0 x\u00e2y d\u1ef1ng th\u01b0\u01a1ng hi\u1ec7u n\u00e0y. V\u1edbi h\u01a1n 15 n\u0103m kinh nghi\u1ec7m l\u00e0m vi\u1ec7c trong l\u0129nh v\u1ef1c du l\u1ecbch, Tr\u1ea7n Xu\u00e2n L\u1ed9c kh\u00f4ng ch\u1ec9 l\u00e0 ng\u01b0\u1eddi \u0111i \u0111\u1ea7u m\u00e0 c\u00f2n l\u00e0 ng\u01b0\u1eddi \u0111\u1ecbnh h\u00ecnh v\u00e0 \u0111\u1ed5i m\u1edbi trong ng\u00e0nh. B\u1eaft \u0111\u1ea7u s\u1ef1 nghi\u1ec7p t\u1eeb n\u0103m 2006, \u00f4ng \u0111\u00e3 t\u00edch l\u0169y ki\u1ebfn th\u1ee9c s\u00e2u r\u1ed9ng v\u1ec1 kh\u00e1ch s\u1ea1n, l\u1eef h\u00e0nh h\u01b0\u1edbng d\u1eabn, v\u00e0 qu\u1ea3n tr\u1ecb kinh doanh, CNTT.<\/p>\n<p>V\u1edbi s\u1ef1 chuy\u1ec3n \u0111\u1ed5i t\u1eeb m\u00f4 h\u00ecnh offline sang online, Tr\u1ea7n Xu\u00e2n L\u1ed9c kh\u00f4ng ch\u1ec9 gi\u1eef v\u1eefng v\u1ecb th\u1ebf c\u1ee7a m\u00ecnh m\u00e0 c\u00f2n d\u1eabn \u0111\u1ea7u trong vi\u1ec7c \u0111\u00e0o t\u1ea1o v\u00e0 cung c\u1ea5p c\u00e1c d\u1ecbch v\u1ee5 v\u1ec1 Sale OTAs, v\u1eadn h\u00e0nh, qu\u1ea3n tr\u1ecb OTA. H\u00e0nh tr\u00ecnh c\u1ee7a \u00f4ng kh\u00f4ng ch\u1ec9 d\u1eebng l\u1ea1i \u1edf \u0111\u00f3, m\u00e0 c\u00f2n m\u1edf r\u1ed9ng v\u00e0o l\u0129nh v\u1ef1c thi\u1ebft k\u1ebf website, qu\u1ea3n tr\u1ecb v\u1eadn h\u00e0nh website, v\u00e0 nh\u1eefng d\u1ecbch v\u1ee5 digital marketing \u0111a d\u1ea1ng nh\u01b0 CRM, Email Marketing, v\u00e0 Automation.<\/p>\n<p>V\u1edbi t\u1ea7m nh\u00ecn chi\u1ebfn l\u01b0\u1ee3c v\u00e0 s\u1ef1 hi\u1ec3u bi\u1ebft s\u00e2u s\u1eafc v\u1ec1 xu h\u01b0\u1edbng ng\u00e0nh c\u00f4ng nghi\u1ec7p kh\u00f4ng kh\u00f3i, Tr\u1ea7n Xu\u00e2n L\u1ed9c \u0111\u00e3 c\u00f9ng \u0111\u1ed9i ng\u0169 \u0111\u1ed3ng \u0111\u1ed9i x\u00e2y d\u1ef1ng m\u1ed9t h\u1ec7 th\u1ed1ng m\u1ea1nh m\u1ebd, \u0111\u00e1p \u1ee9ng nhanh ch\u00f3ng v\u00e0 linh ho\u1ea1t v\u1edbi s\u1ef1 thay \u0111\u1ed5i kh\u00f4ng ng\u1eebng c\u1ee7a th\u1ecb tr\u01b0\u1eddng du l\u1ecbch. \u00d4ng \u0111\u00e3 t\u01b0ng b\u01b0\u1edbc x\u00e2y d\u1ef1ng th\u01b0\u01a1ng hi\u1ec7u <strong><span style=\"color: #ff0000;\">OTA<\/span><span style=\"color: #38b6ff;\">VN<\/span><\/strong> \u0111\u1ec3 mang l\u1ea1i <strong>s\u1ee9c m\u1ea1nh v\u00e0 uy t\u00edn c\u1ee7a th\u01b0\u01a1ng hi\u1ec7u OTAVN<\/strong> trong ng\u00e0nh du l\u1ecbch \u1edf Vi\u1ec7t Nam v\u00e0 tr\u00ean th\u1ebf gi\u1edbi.<\/p>\n<figure id=\"attachment_412462\" aria-describedby=\"caption-attachment-412462\" style=\"width: 1920px\" class=\"wp-caption aligncenter\"><img loading=\"lazy\" decoding=\"async\" class=\"wp-image-412462 size-full\" src=\"https:\/\/otavietnam.com\/wp-content\/uploads\/2024\/01\/OTA-Viet-Nam-nha-sang-lap-tran-xuan-loc.png\" alt=\"Ota Viet Nam Nha Sang Lap Tran Xuan Loc\" width=\"1920\" height=\"1080\" srcset=\"https:\/\/otavietnam.com\/blog\/wp-content\/uploads\/2024\/01\/OTA-Viet-Nam-nha-sang-lap-tran-xuan-loc.png 1920w, https:\/\/otavietnam.com\/blog\/wp-content\/uploads\/2024\/01\/OTA-Viet-Nam-nha-sang-lap-tran-xuan-loc-300x169.png 300w, https:\/\/otavietnam.com\/blog\/wp-content\/uploads\/2024\/01\/OTA-Viet-Nam-nha-sang-lap-tran-xuan-loc-1024x576.png 1024w, https:\/\/otavietnam.com\/blog\/wp-content\/uploads\/2024\/01\/OTA-Viet-Nam-nha-sang-lap-tran-xuan-loc-768x432.png 768w, https:\/\/otavietnam.com\/blog\/wp-content\/uploads\/2024\/01\/OTA-Viet-Nam-nha-sang-lap-tran-xuan-loc-1536x864.png 1536w, https:\/\/otavietnam.com\/blog\/wp-content\/uploads\/2024\/01\/OTA-Viet-Nam-nha-sang-lap-tran-xuan-loc-750x422.png 750w, https:\/\/otavietnam.com\/blog\/wp-content\/uploads\/2024\/01\/OTA-Viet-Nam-nha-sang-lap-tran-xuan-loc-1140x641.png 1140w\" sizes=\"auto, (max-width: 1920px) 100vw, 1920px\" \/><figcaption id=\"caption-attachment-412462\" class=\"wp-caption-text\">Gi\u1edbi thi\u1ec7u v\u1ec1 nh\u00e0 s\u00e1ng l\u1eadp &#8211; Tr\u1ea7n Xu\u00e2n L\u1ed9c<\/figcaption><\/figure>\n<p>Ch\u00fang t\u00f4i lu\u00f4n t\u00ecm ki\u1ebfm c\u01a1 h\u1ed9i h\u1ee3p t\u00e1c v\u1edbi c\u00e1c \u0111\u1ed1i t\u00e1c uy t\u00edn \u0111\u1ec3 c\u00f9ng nhau ph\u00e1t tri\u1ec3n v\u00e0 mang l\u1ea1i gi\u00e1 tr\u1ecb cao nh\u1ea5t cho kh\u00e1ch h\u00e0ng. M\u1ecdi th\u00f4ng tin h\u1ee3p t\u00e1c, li\u00ean h\u1ec7, qu\u00fd kh\u00e1ch h\u00e0ng vui l\u00f2ng li\u00ean h\u1ec7 v\u1edbi ch\u00fang t\u00f4i theo th\u00f4ng tin t\u1ea1i website c\u1ee7a <a href=\"https:\/\/OTAVietnam.com\"><strong>OTAVietnam.com<\/strong><\/a><\/p>\n","protected":false},"excerpt":{"rendered":"<p>OTAVN\u00a0vi\u1ebft t\u1eaft c\u1ee7a OTA Vi\u1ec7t Nam l\u00e0 m\u1ed9t th\u01b0\u01a1ng hi\u1ec7u con \u0111\u01b0\u1ee3c s\u1edf h\u1eefu b\u1edfi C\u00d4NG TY TNHH SCO VI\u1ec6T NAM. OTAVN \u0111\u01b0\u1ee3c gh\u00e9p b\u1edfi 2 c\u1ee5m t\u1eeb vi\u1ebft t\u1eaft l\u00e0 OTA (Online Travel Agency) v\u00e0 VN (Vi\u1ec7t Nam), xu\u1ea5t ph\u00e1t t\u1eeb d\u1ecbch v\u1ee5 c\u1ed1t l\u00f5i (D\u1ecbch v\u1ee5 OTA) v\u00e0 c\u00f3 th\u01b0\u01a1ng hi\u1ec7u xu\u1ea5t x\u1ee9 [&hellip;]<\/p>\n","protected":false},"author":1,"featured_media":412463,"parent":0,"menu_order":0,"comment_status":"closed","ping_status":"closed","template":"","meta":{"_seopress_robots_primary_cat":"","_seopress_titles_title":"","_seopress_titles_desc":"","_seopress_robots_index":"","jnews_page_loop":{"enable_page_loop":"0","first_title":"Latest Post","second_title":"","header_type":"heading_6","header_background":"","header_text_color":"","layout":"right-sidebar","sidebar":"default-sidebar","second_sidebar":"default-sidebar","sticky_sidebar":"1","module":"3","boxed":"0","boxed_shadow":"0","box_shadow":"0","excerpt_length":"20","content_date":"default","date_custom":"Y\/m\/d","content_pagination":"nav_1","pagination_align":"center","show_navtext":"0","show_pageinfo":"0","post_offset":"0","posts_per_page":"5","include_post":"","exclude_post":"","include_category":"","exclude_category":"","include_author":"","include_tag":"","exclude_tag":"","sort_by":"latest"},"jnews_single_page":{"layout":"no-sidebar","sidebar":"default-sidebar","second_sidebar":"default-sidebar","sticky_sidebar":"1","show_post_featured":"1","show_post_meta":"0","share_position":"top","share_color":"share-monocrhome"},"footnotes":""},"class_list":["post-394843","page","type-page","status-publish","has-post-thumbnail","hentry"],"_links":{"self":[{"href":"https:\/\/otavietnam.com\/blog\/wp-json\/wp\/v2\/pages\/394843","targetHints":{"allow":["GET"]}}],"collection":[{"href":"https:\/\/otavietnam.com\/blog\/wp-json\/wp\/v2\/pages"}],"about":[{"href":"https:\/\/otavietnam.com\/blog\/wp-json\/wp\/v2\/types\/page"}],"author":[{"embeddable":true,"href":"https:\/\/otavietnam.com\/blog\/wp-json\/wp\/v2\/users\/1"}],"replies":[{"embeddable":true,"href":"https:\/\/otavietnam.com\/blog\/wp-json\/wp\/v2\/comments?post=394843"}],"version-history":[{"count":4,"href":"https:\/\/otavietnam.com\/blog\/wp-json\/wp\/v2\/pages\/394843\/revisions"}],"predecessor-version":[{"id":413286,"href":"https:\/\/otavietnam.com\/blog\/wp-json\/wp\/v2\/pages\/394843\/revisions\/413286"}],"wp:featuredmedia":[{"embeddable":true,"href":"https:\/\/otavietnam.com\/blog\/wp-json\/wp\/v2\/media\/412463"}],"wp:attachment":[{"href":"https:\/\/otavietnam.com\/blog\/wp-json\/wp\/v2\/media?parent=394843"}],"curies":[{"name":"wp","href":"https:\/\/api.w.org\/{rel}","templated":true}]}}