{"id":384,"date":"2023-09-05T01:30:40","date_gmt":"2023-09-05T01:30:40","guid":{"rendered":"https:\/\/otavietnam.com\/?page_id=384"},"modified":"2025-07-30T01:24:10","modified_gmt":"2025-07-30T01:24:10","slug":"bang-gia-dich-vu-sale-marketing-khach-san-cslt","status":"publish","type":"page","link":"https:\/\/otavietnam.com\/blog\/bang-gia-dich-vu-sale-marketing-khach-san-cslt\/","title":{"rendered":"B\u1ea3ng gi\u00e1 d\u1ecbch v\u1ee5 Sale &#038; Marketing Kh\u00e1ch s\u1ea1n (CSLT)"},"content":{"rendered":"<p>Sau \u0111\u00e2y OTAVN s\u1ebd g\u1eedi t\u1edbi Qu\u00fd kh\u00e1ch h\u00e0ng <strong>b\u1ea3ng gi\u00e1 g\u00f3i d\u1ecbch v\u1ee5 Sale &amp; Marketing cho c\u01a1 s\u1edf l\u01b0u tr\u00fa<\/strong>: <strong>Kh\u00e1ch s\u1ea1n\/ Hotel<\/strong>, <strong>Resort<\/strong>, <strong>Homestay<\/strong>, <strong>Apartment&#8230;<\/strong> bao g\u1ed3m c\u00e1c g\u00f3i d\u1ecbch v\u1ee5 thanh to\u00e1n c\u00e0i \u0111\u1eb7t 1 l\u1ea7n v\u00e0 g\u00f3i d\u1ecbch v\u1ee5 h\u00e0ng th\u00e1ng. Hai b\u1ed9 ph\u1eadn Sale &amp; Marketing \u0111\u00f3ng vai tr\u00f2 quan tr\u1ecdng cho vi\u1ec7c v\u1eadn h\u00e0nh c\u01a1 s\u1edf l\u01b0u tr\u00fa, mang l\u1ea1i doanh thu, g\u00f3p ph\u1ea7n x\u00e2y d\u1ef1ng th\u01b0\u01a1ng hi\u1ec7u cho c\u01a1 s\u1edf l\u01b0u tr\u00fa, c\u00f4ng ty ng\u00e0y m\u1ed9t ph\u00e1t tri\u1ec3n, m\u1edf r\u1ed9ng th\u1ecb tr\u01b0\u1eddng.<\/p>\n<h2>Th\u00f4ng tin c\u01a1 b\u1ea3n v\u1ec1 Sales &amp; Marketing cho kh\u00e1ch s\u1ea1n hay c\u00e1c CSLT<\/h2>\n<p>M\u1ed9t ph\u00f2ng Sales &amp; Marketing trong kh\u00e1ch s\u1ea1n l\u1edbn b\u1ea1n s\u1ebd th\u1ea5y c\u01a1 c\u1ea5u t\u1ed5 ch\u1ee9c kh\u00e1 ph\u1ee9c t\u1ea1p tuy nhi\u00ean \u1edf c\u00e1c c\u01a1 s\u1edf l\u01b0u tr\u00fa (CSLT) nh\u1ecf th\u00ec g\u1ea7n nh\u01b0 t\u1ed1i gi\u1ea3n ho\u1eb7c c\u00f3 th\u1ec3 ki\u00eam nhi\u1ec7m v\u00ec th\u1ebf vi\u1ec7c ph\u00e1t tri\u1ec3n, v\u1eadn h\u00e0nh s\u1ebd \u00edt hi\u1ec7u qu\u1ea3 h\u01a1n. C\u01a1 c\u1ea5u t\u1ed5 ch\u1ee9c trong m\u1ed9t CSLT th\u01b0\u1eddng \u0111\u01b0\u1ee3c chia ra nhi\u1ec1u b\u1ed9 ph\u1eadn kh\u00e1c nhau nh\u01b0: ph\u00f2ng, c\u00e1c nh\u00e0 h\u00e0ng &amp; qu\u1ea7y u\u1ed1ng, k\u1ebf to\u00e1n, ti\u1ebfp th\u1ecb th\u01b0\u01a1ng m\u1ea1i v\u00e0 nh\u00e2n s\u1ef1&#8230; Trong \u0111\u00f3, ph\u00f2ng kinh doanh (Sale &amp; Marketing) hay ph\u00f2ng th\u1ecb tr\u01b0\u1eddng trong CSLT l\u00e0 m\u1ed9t b\u1ed9 ph\u1eadn h\u1ebft s\u1ee9c quan tr\u1ecdng b\u1edfi v\u00ec n\u00f3 l\u00e0 c\u1ea7u n\u1ed1i gi\u1eefa kh\u00e1ch h\u00e0ng v\u00e0 CSLT. N\u1ebfu ph\u00f2ng kinh doanh ho\u1ea1t \u0111\u1ed9ng t\u1ed1t th\u00ec CSLT s\u1ebd \u0111\u00f4ng kh\u00e1ch h\u01a1n, doanh thu s\u1ebd t\u0103ng, t\u1eeb \u0111\u00f3 CSLT m\u1edbi t\u1ed3n t\u1ea1i v\u00e0 ph\u00e1t tri\u1ec3n \u0111\u01b0\u1ee3c.<\/p>\n<p><em><strong>Sale &amp; Marketing l\u00e0 m\u1ed9t ph\u1ea7n kh\u00f4ng t\u00e1ch r\u1eddi t\u1ea5t c\u1ea3 c\u00e1c ho\u1ea1t \u0111\u1ed9ng kinh doanh kh\u00e1c trong ng\u00e0nh d\u1ecbch v\u1ee5 l\u01b0u tr\u00fa. D\u00f9 b\u1ea1n l\u00e0m kinh doanh \u1edf m\u1ed9t m\u1ee9c \u0111\u1ed9 gi\u1ecfi nh\u01b0 th\u1ebf n\u00e0o m\u00e0 kh\u00f4ng c\u00f3 chi\u1ebfn l\u01b0\u1ee3c Marketing t\u1ed1t \u0111i c\u00f9ng hay ng\u01b0\u1ee3c l\u1ea1i b\u1ea1n c\u00f3 m\u1ed9t chi\u1ebfn l\u01b0\u1ee3c Marketing t\u1ed1t nh\u01b0ng kh\u00f4ng c\u00f3 m\u1ed9t \u0111\u1ed9i ng\u0169 Sales h\u1ed7 tr\u1ee3 th\u00ec kh\u00f4ng th\u1ec3 n\u00e0o \u0111\u1ea1t \u0111\u01b0\u1ee3c doanh s\u1ed1 m\u00e0 kh\u00e1ch s\u1ea1n \u0111\u1ec1 ra. M\u1ed9t c\u00e1ch d\u1ec5 hi\u1ec3u, Marketing \u0111\u01b0a ra th\u00f4ng \u0111i\u1ec7p truy\u1ec1n th\u00f4ng c\u00f2n Sales l\u00e0 ng\u01b0\u1eddi t\u00e1c \u0111\u1ed9ng tr\u1ef1c ti\u1ebfp \u0111\u1ebfn ng\u01b0\u1eddi mua l\u00e0 kh\u00e1ch h\u00e0ng. Marketing t\u1ea1o ra c\u00f4ng c\u1ee5 v\u00e0 Sales bi\u1ebfn c\u00f4ng c\u1ee5 tr\u00ean th\u00e0nh doanh thu cho kh\u00e1ch s\u1ea1n \u0111\u00f3.<\/strong><\/em><\/p>\n<figure id=\"attachment_392\" aria-describedby=\"caption-attachment-392\" style=\"width: 1000px\" class=\"wp-caption aligncenter\"><img loading=\"lazy\" decoding=\"async\" class=\"alignnone size-full wp-image-394778\" src=\"https:\/\/otavietnam.com\/wp-content\/uploads\/2023\/10\/OTAVN-TXL-1000\u00d71000-px-bang-gia-goi-dich-vu-sale-marketing-cho-co-so-luu-tru-khach-san-resort-homestay-apartment-2.png\" alt=\"Otavn Txl 1000\u00d71000 Px Bang Gia Goi Dich Vu Sale Marketing Cho Co So Luu Tru Khach San Resort Homestay Apartment (2)\" width=\"1000\" height=\"1000\" srcset=\"https:\/\/otavietnam.com\/blog\/wp-content\/uploads\/2023\/10\/OTAVN-TXL-1000\u00d71000-px-bang-gia-goi-dich-vu-sale-marketing-cho-co-so-luu-tru-khach-san-resort-homestay-apartment-2.png 1000w, https:\/\/otavietnam.com\/blog\/wp-content\/uploads\/2023\/10\/OTAVN-TXL-1000\u00d71000-px-bang-gia-goi-dich-vu-sale-marketing-cho-co-so-luu-tru-khach-san-resort-homestay-apartment-2-300x300.png 300w, https:\/\/otavietnam.com\/blog\/wp-content\/uploads\/2023\/10\/OTAVN-TXL-1000\u00d71000-px-bang-gia-goi-dich-vu-sale-marketing-cho-co-so-luu-tru-khach-san-resort-homestay-apartment-2-150x150.png 150w, https:\/\/otavietnam.com\/blog\/wp-content\/uploads\/2023\/10\/OTAVN-TXL-1000\u00d71000-px-bang-gia-goi-dich-vu-sale-marketing-cho-co-so-luu-tru-khach-san-resort-homestay-apartment-2-600x600.png 600w, https:\/\/otavietnam.com\/blog\/wp-content\/uploads\/2023\/10\/OTAVN-TXL-1000\u00d71000-px-bang-gia-goi-dich-vu-sale-marketing-cho-co-so-luu-tru-khach-san-resort-homestay-apartment-2-768x768.png 768w\" sizes=\"auto, (max-width: 1000px) 100vw, 1000px\" \/><figcaption id=\"caption-attachment-392\" class=\"wp-caption-text\">Otavn Txl 1000\u00d71000 Px Bang Gia Goi Dich Vu Sale Marketing Cho Co So Luu Tru Khach San Resort Homestay Apartment (2)<\/figcaption><\/figure>\n<h2>T\u1ea1i sao Marketing kh\u00e1ch s\u1ea1n l\u1ea1i quan tr\u1ecdng?<\/h2>\n<p>Trong ng\u00e0nh c\u00f4ng nghi\u1ec7p l\u01b0u tr\u00fa, c\u1ea1nh tranh l\u00e0 m\u1ed9t trong nh\u1eefng th\u00e1ch th\u1ee9c l\u1edbn nh\u1ea5t \u0111\u1ed1i v\u1edbi c\u00e1c CSLt. Marketing kh\u00e1ch s\u1ea1n l\u00e0 \u0111i\u1ec1u c\u1ea7n thi\u1ebft, v\u00ec \u0111\u00f3 l\u00e0 c\u00e1ch c\u00e1c CSLT c\u00f3 th\u1ec3 qu\u1ea3ng b\u00e1 s\u1ea3n ph\u1ea9m d\u1ecbch v\u1ee5 c\u1ee7a h\u1ecd, l\u00e0m n\u1ed5i b\u1eadt c\u00e1c t\u00ednh n\u0103ng \u0111\u1ed9c \u0111\u00e1o so v\u1edbi c\u00e1c \u0111\u1ed1i th\u1ee7.<\/p>\n<p><em>V\u1edbi c\u00f4ng ngh\u1ec7 ph\u00e1t tri\u1ec3n v\u00e0 thay \u0111\u1ed5i h\u00e0ng ng\u00e0y, CSLT c\u0169ng d\u1ecbch chuy\u1ec3n v\u00e0 th\u00edch nghi v\u1edbi th\u00f3i quen ti\u00eau d\u00f9ng c\u1ee7a kh\u00e1ch h\u00e0ng, v\u00e0 ng\u00e0y ngay c\u00e1c n\u1ec1n t\u1ea3ng b\u00e1n h\u00e0ng\/ b\u00e1n ph\u00f2ng tr\u1ef1c tuy\u1ebfn nh\u01b0 Sale OTA, Website, Fanpage&#8230; h\u1ebft s\u1ee9c quan tr\u1ecdng v\u00e0 l\u00e0 nh\u1eefng \u0111i\u1ec3m ch\u1ea1m k\u1ebft n\u1ed1i duy tr\u00ec s\u1ef1 hi\u1ec7n di\u1ec7n th\u01b0\u01a1ng hi\u1ec7u trong t\u00e2m tr\u00ed kh\u00e1ch h\u00e0ng khi mu\u1ed1n s\u1eed d\u1ee5ng hay gi\u1edbi thi\u1ec7u d\u1ecbch v\u1ee5 l\u01b0u tr\u00fa cho ng\u01b0\u1eddi th\u00e2n, b\u1ea1n b\u00e8. \u0110\u1eb7c th\u00f9 c\u1ee7a ng\u00e0nh Sale &amp; Marketing trong d\u1ecbch v\u1ee5 l\u00e0 ng\u00e0nh kh\u00f4ng l\u01b0u kho, l\u01b0u tr\u1eef, ng\u00e0nh v\u00f4 h\u00ecnh, s\u1eed d\u1ee5ng y\u1ebfu t\u1ed1 con ng\u01b0\u1eddi nhi\u1ec1u nh\u1ea5t v\u00e0 b\u1eaft bu\u1ed9c ph\u1ea3i c\u00f3 m\u1ed1i li\u00ean h\u1ec7 c\u1ee7a kh\u00e1ch h\u00e0ng m\u1edbi ph\u00e1t sinh ra s\u1ea3n ph\u1ea9m d\u1ecbch v\u1ee5.<\/em><\/p>\n<h2>B\u1ea3ng gi\u00e1 d\u1ecbch v\u1ee5 Sales &amp; Marketing cho c\u00e1c CSLT b\u1edfi OTAVN<\/h2>\n<p>B\u1ea3ng gi\u00e1 d\u1ecbch v\u1ee5 Sales &amp; Marketing cho C\u01a1 s\u1edf l\u01b0u tr\u00fa bao g\u1ed3m Hotel\/ Kh\u00e1ch s\u1ea1n, Resort\/ khu ngh\u1ec9 d\u01b0\u1ee1ng, Homestay, Apartment\/ C\u0103n h\u1ed9&#8230;<\/p>\n<h3>G\u00f3i d\u1ecbch v\u1ee5 Sales &amp; Marketing tr\u1ea3 m\u1ed9t l\u1ea7n<\/h3>\n<ul>\n<li>\u0110\u1eb7t t\u00ean th\u01b0\u01a1ng hi\u1ec7u\/ c\u00f4ng ty \/ CSLT (Kh\u00e1ch s\u1ea1n, khu ngh\u1ec9 d\u01b0\u1ee1ng\/ Resort, c\u0103n h\u1ed9\/ Apartment, villa&#8230;)<\/li>\n<li>Thi\u1ebft k\u1ebf logo th\u01b0\u01a1ng hi\u1ec7u\/ c\u00f4ng ty \/ CSLT<\/li>\n<li>Thi\u1ebft k\u1ebf 01 Landing page, 01 form \u0111\u1eb7t ph\u00f2ng, 01 form li\u00ean h\u1ec7<\/li>\n<li><a href=\"%20https:\/\/otavietnam.com\/dich-vu-thiet-ke-website-cho-khach-san-homestay-chat-luong-gia-re\/\">Thi\u1ebft k\u1ebf Website<\/a> (02 ng\u00f4n ng\u1eef Anh &#8211; Vi\u1ec7t)\u00a0+ T\u01b0 v\u1ea5n mua t\u00ean mi\u1ec1n\/ hosting l\u01b0u tr\u1eef d\u1eef li\u1ec7u website<\/li>\n<li>Thi\u1ebft k\u1ebf Danh thi\u1ebfp kinh doanh (Name card)<\/li>\n<li>Thi\u1ebft k\u1ebf t\u1edd r\u01a1i, t\u1edd g\u1eadp, flyer chuy\u00ean nghi\u1ec7p (Sale Kit)<\/li>\n<li>T\u01b0 v\u1ea5n tri\u1ec3n khai chi\u1ebfn l\u01b0\u1ee3c marketing (theo t\u1eebng CSLT)<\/li>\n<li>Thi\u1ebft k\u1ebf nh\u1eadn di\u1ec7n th\u01b0\u01a1ng hi\u1ec7u s\u1ed1 (m\u1eabu ch\u1eef k\u00fd Email, m\u1eabu ch\u00e8n \u1ea3nh t\u1ef1 \u0111\u1ed9ng tr\u00ean cho website)<\/li>\n<li>Tri\u1ec3n khai CRM \u0111\u1ec3 qu\u1ea3n l\u00fd c\u00f4ng vi\u1ec7c v\u00e0 CSKH<\/li>\n<li>Tri\u1ec3n khai Email theo t\u00ean mi\u1ec1n<\/li>\n<\/ul>\n<h3>G\u00f3i d\u1ecbch v\u1ee5 Sales &amp; Marketing tr\u1ea3 h\u00e0ng th\u00e1ng<\/h3>\n<p>V\u1edbi g\u00f3i d\u1ecbch v\u1ee5 Sale &amp; Marketing n\u00e0y b\u1ea1n s\u1ebd ti\u1ebfp c\u1eadn \u0111\u1ebfn kh\u00e1ch h\u00e0ng m\u1ee5c ti\u00eau m\u00e0 b\u1ea1n mu\u1ed1n h\u01b0\u1edbng \u0111\u1ebfn, \u0111\u00e2y l\u00e0 d\u1ecbch v\u1ee5 SEO b\u1ec1n v\u1eefng gi\u00fap c\u00e1c t\u1eeb kh\u00f3a c\u1ee7a b\u1ea1n l\u00ean TOP m\u1ed9t c\u00e1ch t\u1ef1 nhi\u00ean khi kh\u00e1ch h\u00e0ng t\u00ecm ki\u1ebfm t\u1eeb kh\u00f3a v\u1ec1 d\u1ecbch v\u1ee5, s\u1ea3n ph\u1ea9m c\u1ee7a b\u1ea1n. V\u1edbi nhi\u1ec1u chi\u1ebfn thu\u1eadt t\u1ed1i \u01b0u t\u1eeb kh\u00f3a, website ch\u00fang t\u00f4i mang \u0111\u1ebfn d\u1ecbch v\u1ee5 t\u1ed1i \u01b0u t\u1eeb kh\u00f3a SEO cho kh\u00e1ch s\u1ea1n (CSLT), hay d\u1ecbch v\u1ee5 du l\u1ecbch ch\u1ea5t l\u01b0\u1ee3ng, uy t\u00edn, gi\u00e1 c\u1ea3 r\u1ea5t c\u1ea1nh tranh.<\/p>\n<p>G\u00f3i d\u1ecbch v\u1ee5 n\u00e0y \u00e1p d\u1ee5ng khi b\u1ea1n <strong>\u0111\u00e3 c\u00f3 website<\/strong> ho\u1eb7c \u0111\u00e3 s\u1eed d\u1ee5ng c\u00e1c <strong>g\u00f3i Sales &amp; Marketing<\/strong> nh\u01b0 <strong>MAR-START UP<\/strong>, <strong>MAR-ONE 1,2,3<\/strong> c\u1ee7a OTAVN. D\u01b0\u1edbi \u0111\u00e2y l\u00e0 chi ti\u1ebft v\u1ec1 g\u00f3i d\u1ecbch v\u1ee5 Sales &amp; Marketing tr\u1ea3 h\u00e0ng th\u00e1ng cho kh\u00e1ch s\u1ea1n, c\u01a1 s\u1edf l\u01b0u tr\u00fa mu\u1ed1n c\u00f3 kh\u00e1ch h\u00e0ng ti\u1ec1m n\u0103ng t\u1ef1 t\u00ecm \u0111\u1ebfn m\u00ecnh <strong>(k\u1ebft qu\u1ea3 lu\u00f4n gi\u1eef th\u1ee9 h\u1ea1ng \u1ed5n \u0111\u1ecbnh v\u1edbi c\u00e1c c\u00f4ng c\u1ee5 t\u00ecm ki\u1ebfm t\u1ef1 nhi\u00ean)<\/strong> m\u00e0 <strong>kh\u00f4ng c\u1ea7n tr\u1ea3 ti\u1ec1n qu\u1ea3ng c\u00e1o<\/strong> nh\u01b0 Google Ads, Facebook Ads (h\u1ebft ti\u1ec1n l\u00e0 m\u1ea5t h\u00fat)<\/p>\n<ul>\n<li>Vi\u1ebft n\u1ed9i dung \u0111\u0103ng b\u00e0i\/ s\u1ea3n ph\u1ea9m tr\u00ean Website (theo t\u1ea7n su\u1ea5t b\u00e0i \/ th\u00e1ng)<\/li>\n<li>Vi\u1ebft n\u1ed9i dung \u0111\u0103ng b\u00e0i tr\u00ean Fanpage, m\u1ea1ng x\u00e3 h\u1ed9i (theo t\u1ea7n su\u1ea5t b\u00e0i \/ th\u00e1ng)<\/li>\n<li>S\u1ed1 l\u01b0\u1ee3ng t\u1eeb kh\u00f3a t\u1ed1i \u01b0u SEO cho Website (theo s\u1ed1 l\u01b0\u1ee3ng t\u1eeb kh\u00f3a\/ 01 website)<\/li>\n<li>L\u00e0m video marketing (theo t\u1ea7n su\u1ea5t video\/ th\u00e1ng)<\/li>\n<li>\u0110\u0103ng b\u00e0i l\u00ean c\u00e1c b\u00e1o \u0111i\u1ec7n t\u1eed\/ di\u1ec5n \u0111\u00e0n\/ online (theo y\u00eau c\u1ea7u)<\/li>\n<\/ul>\n<h3>G\u00f3i d\u1ecbch v\u1ee5 qu\u1ea3n tr\u1ecb k\u00eanh SALE OTA<\/h3>\n<p><a href=\"%20https:\/\/otavietnam.com\/dich-vu-quan-tri-van-hanh-kenh-ota-sales-ota-agent-tai-viet-nam\/\">G\u00f3i d\u1ecbch v\u1ee5 qu\u1ea3n tr\u1ecb k\u00eanh Sale OTA<\/a> n\u00e0y s\u1ebd t\u00f9y theo t\u1eebng CSLT, t\u00f9y theo s\u1ed1 l\u01b0\u1ee3ng k\u00eanh OTA qu\u1ea3n l\u00fd nh\u01b0 booking.com, Agoda, Traveloka, Expedia, VNTrip, Mytour, Gotadi, Go2joy&#8230; v\u00e0 t\u1ea7n su\u1ea5t \u0111i\u1ec1u ch\u1ec9nh gi\u00e1, khuy\u1ebfn m\u1ea1i.<\/p>\n<ul>\n<li>T\u1ed1i \u01b0u khi nh\u1eadn qu\u1ea3n tr\u1ecb c\u00e1c k\u00eanh OTA<\/li>\n<li>S\u1ed1 l\u01b0\u1ee3ng k\u00eanh OTA qu\u1ea3n l\u00fd<\/li>\n<li>\u0110\u1ec3 xu\u1ea5t ph\u01b0\u01a1ng \u00e1n kinh doanh cho ch\u1ee7 \u0111\u1ea7u t\u01b0\/ Qu\u1ea3n l\u00fd CSLT<\/li>\n<li>C\u00e0i \u0111\u1eb7t khuy\u1ebfn m\u1ea1i n\u00e2ng cao cho c\u00e1c k\u00eanh OTA<\/li>\n<li>T\u1ea7n su\u1ea5t \u0111i\u1ec1u ch\u1ec9nh gi\u00e1 cho c\u00e1c k\u00eanh OTA<\/li>\n<\/ul>\n<p><strong>Xem th\u00eam:<\/strong> <a href=\"%20https:\/\/otavietnam.com\/dich-vu-quan-tri-van-hanh-kenh-ota-sales-ota-agent-tai-viet-nam\/\">%20https:\/\/otavietnam.com\/dich-vu-quan-tri-van-hanh-kenh-ota-sales-ota-agent-tai-viet-nam\/<\/a><\/p>\n<h3>G\u00f3i d\u1ecbch v\u1ee5 \u0111\u00e0o t\u1ea1o Sale OTA ch\u1ea5t l\u01b0\u1ee3ng cao<\/h3>\n<p>Hi\u1ec7n nay OTAVN c\u00f3 tri\u1ec3n khai c\u00e1c lo\u1ea1i h\u00ecnh \u0111\u00e0o t\u1ea1o Sale OTA \u0111a d\u1ea1ng nh\u01b0 t\u1ef1 h\u1ecdc Online, \u0111\u00e0o t\u1ea1o Online 1-1, hay \u0111\u00e0o t\u1ea1o Offline cho c\u00e1c b\u1ea1n h\u1ecdc vi\u00ean, hay c\u01a1 s\u1edf l\u01b0u tr\u00fa (theo y\u00eau c\u1ea7u) v\u1edbi m\u1ed7i lo\u1ea1i h\u00ecnh \u0111\u00e0o t\u1ea1o \u0111\u1ec1u c\u00f3 nh\u1eefng \u01b0u nh\u01b0\u1ee3c \u0111i\u1ec3m ri\u00eang.<\/p>\n<ul>\n<li><a href=\"https:\/\/daotao.otavietnam.com\/#noi_dung_khoa_hoc_sale_ota_theo_chu_de\" target=\"_blank\" rel=\"noopener\">\u0110\u00c0O T\u1ea0O SALE OTA THEO CH\u1ee6 \u0110\u1ec0<\/a><\/li>\n<li><a href=\"https:\/\/daotao.otavietnam.com\/#noi_dung_khoa_hoc_sale_ota_cho_quan_ly\" target=\"_blank\" rel=\"noopener\">\u0110\u00c0O T\u1ea0O SALE OTA CHO QU\u1ea2N L\u00dd CSLT<\/a><\/li>\n<li><a href=\"https:\/\/daotao.otavietnam.com\/#noi_dung_khoa_hoc_sale_ota_co_ban\" target=\"_blank\" rel=\"noopener\">\u0110\u00c0O T\u1ea0O SALE OTA G\u00d3I C\u01a0 B\u1ea2N<\/a><\/li>\n<li><a href=\"https:\/\/daotao.otavietnam.com\/#noi_dung_khoa_hoc_sale_ota_toi_uu1\" target=\"_blank\" rel=\"noopener\">\u0110\u00c0O T\u1ea0O SALE OTA G\u00d3I T\u1ed0I \u01afU 1<\/a><\/li>\n<li><a href=\"https:\/\/daotao.otavietnam.com\/#noi_dung_khoa_hoc_sale_ota_toi_uu2\" target=\"_blank\" rel=\"noopener\">\u0110\u00c0O T\u1ea0O SALE OTA G\u00d3I T\u1ed0I \u01afU 2<\/a><\/li>\n<li><a href=\"https:\/\/daotao.otavietnam.com\/#noi_dung_khoa_hoc_sale_ota_nang_cao\" target=\"_blank\" rel=\"noopener\">\u0110\u00c0O T\u1ea0O SALE OTA G\u00d3I N\u00c2NG CAO<\/a><\/li>\n<li>\u0110\u00c0O T\u1ea0O SALE OTA G\u00d3I RI\u1ec0NG PH\u1ea6N N\u00c2NG CAO<\/li>\n<li><a href=\"https:\/\/daotao.otavietnam.com\/#noi_dung_khoa_hoc_sale_ota_tuy_chinh_theo_yeu_cau\" target=\"_blank\" rel=\"noopener\">\u0110\u00c0O T\u1ea0O SALE OTA G\u00d3I T\u00d9Y CH\u1ec8NH (THEO Y\u00caU C\u1ea6U)<\/a><\/li>\n<\/ul>\n<h3>G\u00f3i d\u1ecbch v\u1ee5 \u0111\u01a1n l\u1ebb m\u1edf m\u1edbi k\u00eanh OTA &amp; t\u1ed1i \u01b0u k\u00eanh OTA<\/h3>\n<ul>\n<li><a href=\"%20https:\/\/otavietnam.com\/dich-vu-toi-uu-cac-kenh-sale-ota-cho-khach-san-homestay\/\">T\u1ed1i \u01b0u k\u00eanh OTA<\/a> (\u0111\u00e3 m\u1edf s\u1eb5n r\u1ed3i nh\u01b0ng ch\u01b0a hi\u1ec7u qu\u1ea3)<\/li>\n<li><a href=\"%20https:\/\/otavietnam.com\/dich-vu-dang-ky-moi-kenh-sale-ota-cho-khach-san-homestay\/\">\u0110\u0103ng k\u00fd m\u1edbi k\u00eanh OTA<\/a><\/li>\n<\/ul>\n<h2>Chi ti\u1ebft b\u1ea3ng gi\u00e1 Sale &amp; Marketing cho kh\u00e1ch s\u1ea1n\/ CSLT<\/h2>\n<p><iframe loading=\"lazy\" src=\"https:\/\/drive.google.com\/file\/d\/1-J6WGA0tK1lAY0QwvtiX1O_-j3soAq9N\/preview\" width=\"100%\" height=\"480\" allow=\"autoplay\"><\/iframe><\/p>\n<p>X\u00e2y d\u1ef1ng chi\u1ebfn l\u01b0\u1ee3c Sales &amp; Marketing hi\u1ec7u qu\u1ea3 cho CSLT y\u00eau c\u1ea7u s\u1ef1 t\u1eadp trung v\u00e0 c\u1ea9n tr\u1ecdng trong t\u1eebng b\u01b0\u1edbc. Tuy nhi\u00ean, CSLT t\u1eadp trung v\u00e0o vi\u1ec7c t\u1ea1o ra tr\u1ea3i nghi\u1ec7m \u0111\u1ed9c \u0111\u00e1o cho kh\u00e1ch h\u00e0ng, c\u00f3 ph\u00e2n kh\u00fac kh\u00e1ch h\u00e0ng, chi\u1ebfn l\u01b0\u1ee3c gi\u00e1 ph\u00f9 h\u1ee3p, b\u1ea1n c\u00f3 th\u1ec3 thu h\u00fat kh\u00e1ch h\u00e0ng m\u1edbi, gi\u1eef ch\u00e2n kh\u00e1ch h\u00e0ng c\u0169 v\u00e0 t\u0103ng doanh s\u1ed1 b\u00e1n h\u00e0ng c\u1ee7a m\u00ecnh. V\u1edbi c\u00e1c <strong>g\u00f3i d\u1ecbch v\u1ee5 v\u1ec1 SALES &amp; MARKETING cho CSLT<\/strong> (kh\u00e1ch s\u1ea1n, resort, homestay, c\u0103n h\u1ed9&#8230;) m\u00e0 OTAVN cung c\u1ea5p s\u1ebd gi\u00fap cho CSLT c\u1ee7a b\u1ea1n c\u00f3 nh\u1eefng <strong>chi\u1ebfn l\u01b0\u1ee3c v\u1ec1 Sale &amp; Marketing \u0111\u00fang \u0111\u1eafn<\/strong> v\u00e0 \u0111em l\u1ea1i l\u1ee3i \u00edch to l\u1edbn sau n\u00e0y. Ch\u00fang t\u00f4i s\u1eed d\u1ee5ng c\u00e1c c\u00f4ng c\u1ee5 \u0111\u1ec3 \u0111o l\u01b0\u1eddng, ph\u00e2n t\u00edch hi\u1ec7u qu\u1ea3 chi\u1ebfn l\u01b0\u1ee3c marketing, \u0111\u00e1nh gi\u00e1 c\u00e1c ho\u1ea1t \u0111\u1ed9ng c\u1ee7a m\u00ecnh v\u00e0 t\u00ecm c\u00e1ch c\u1ea3i thi\u1ec7n \u0111\u1ec3 hi\u1ec7u qu\u1ea3<\/p>\n<p>Sale &amp; Marketing cho c\u01a1 s\u1edf l\u01b0u tr\u00fa c\u1ee7a b\u1ea1n ng\u00e0y m\u1ed9t t\u1ed1t l\u00ean.<\/p>\n<figure id=\"attachment_393\" aria-describedby=\"caption-attachment-393\" style=\"width: 1000px\" class=\"wp-caption aligncenter\"><img loading=\"lazy\" decoding=\"async\" class=\"alignnone size-full wp-image-394783\" src=\"https:\/\/otavietnam.com\/wp-content\/uploads\/2023\/10\/OTAVN-TXL-1000\u00d71000-px-bang-gia-goi-dich-vu-sale-marketing-cho-co-so-luu-tru-khach-san-resort-homestay-apartment-1.png\" alt=\"Otavn Txl 1000\u00d71000 Px Bang Gia Goi Dich Vu Sale Marketing Cho Co So Luu Tru Khach San Resort Homestay Apartment (1)\" width=\"1000\" height=\"1000\" srcset=\"https:\/\/otavietnam.com\/blog\/wp-content\/uploads\/2023\/10\/OTAVN-TXL-1000\u00d71000-px-bang-gia-goi-dich-vu-sale-marketing-cho-co-so-luu-tru-khach-san-resort-homestay-apartment-1.png 1000w, https:\/\/otavietnam.com\/blog\/wp-content\/uploads\/2023\/10\/OTAVN-TXL-1000\u00d71000-px-bang-gia-goi-dich-vu-sale-marketing-cho-co-so-luu-tru-khach-san-resort-homestay-apartment-1-300x300.png 300w, https:\/\/otavietnam.com\/blog\/wp-content\/uploads\/2023\/10\/OTAVN-TXL-1000\u00d71000-px-bang-gia-goi-dich-vu-sale-marketing-cho-co-so-luu-tru-khach-san-resort-homestay-apartment-1-150x150.png 150w, https:\/\/otavietnam.com\/blog\/wp-content\/uploads\/2023\/10\/OTAVN-TXL-1000\u00d71000-px-bang-gia-goi-dich-vu-sale-marketing-cho-co-so-luu-tru-khach-san-resort-homestay-apartment-1-600x600.png 600w, https:\/\/otavietnam.com\/blog\/wp-content\/uploads\/2023\/10\/OTAVN-TXL-1000\u00d71000-px-bang-gia-goi-dich-vu-sale-marketing-cho-co-so-luu-tru-khach-san-resort-homestay-apartment-1-768x768.png 768w\" sizes=\"auto, (max-width: 1000px) 100vw, 1000px\" \/><figcaption id=\"caption-attachment-393\" class=\"wp-caption-text\">Otavn Txl 1000\u00d71000 Px Bang Gia Goi Dich Vu Sale Marketing Cho Co So Luu Tru Khach San Resort Homestay Apartment (1)<\/figcaption><\/figure>\n<p>M\u1ecdi th\u00f4ng tin c\u1ea7n trao \u0111\u1ed5i,h\u1ee3p t\u00e1c Qu\u00fd kh\u00e1ch h\u00e0ng vui l\u00f2ng li\u00ean h\u1ec7 v\u1edbi OTAVN th\u00f4ng qua c\u00e1c c\u00f4ng c\u1ee5 h\u1ed7 tr\u1ee3.<\/p>\n","protected":false},"excerpt":{"rendered":"<p>Sau \u0111\u00e2y OTAVN s\u1ebd g\u1eedi t\u1edbi Qu\u00fd kh\u00e1ch h\u00e0ng b\u1ea3ng gi\u00e1 g\u00f3i d\u1ecbch v\u1ee5 Sale &amp; Marketing cho c\u01a1 s\u1edf l\u01b0u tr\u00fa: Kh\u00e1ch s\u1ea1n\/ Hotel, Resort, Homestay, Apartment&#8230; bao g\u1ed3m c\u00e1c g\u00f3i d\u1ecbch v\u1ee5 thanh to\u00e1n c\u00e0i \u0111\u1eb7t 1 l\u1ea7n v\u00e0 g\u00f3i d\u1ecbch v\u1ee5 h\u00e0ng th\u00e1ng. Hai b\u1ed9 ph\u1eadn Sale &amp; Marketing \u0111\u00f3ng vai tr\u00f2 [&hellip;]<\/p>\n","protected":false},"author":1,"featured_media":391,"parent":0,"menu_order":0,"comment_status":"closed","ping_status":"closed","template":"","meta":{"_seopress_robots_primary_cat":"","_seopress_titles_title":"","_seopress_titles_desc":"","_seopress_robots_index":"","jnews_page_loop":{"enable_page_loop":"0","first_title":"Latest Post","second_title":"","header_type":"heading_6","header_background":"","header_text_color":"","layout":"right-sidebar","sidebar":"default-sidebar","second_sidebar":"default-sidebar","sticky_sidebar":"1","module":"3","boxed":"0","boxed_shadow":"0","box_shadow":"0","excerpt_length":"20","content_date":"default","date_custom":"Y\/m\/d","content_pagination":"nav_1","pagination_align":"center","show_navtext":"0","show_pageinfo":"0","post_offset":"0","posts_per_page":"5","include_post":"","exclude_post":"","include_category":"","exclude_category":"","include_author":"","include_tag":"","exclude_tag":"","sort_by":"latest","main_custom_image_size":"default","second_custom_image_size":"default","post_sticky":"0"},"jnews_single_page":{"layout":"no-sidebar","sidebar":"default-sidebar","second_sidebar":"default-sidebar","sticky_sidebar":"1","show_post_featured":"1","show_post_meta":"0","share_position":"top","share_color":"share-monocrhome","show_post_title":"1","show_post_breadcrumbs":"1"},"footnotes":""},"class_list":["post-384","page","type-page","status-publish","has-post-thumbnail","hentry"],"_links":{"self":[{"href":"https:\/\/otavietnam.com\/blog\/wp-json\/wp\/v2\/pages\/384","targetHints":{"allow":["GET"]}}],"collection":[{"href":"https:\/\/otavietnam.com\/blog\/wp-json\/wp\/v2\/pages"}],"about":[{"href":"https:\/\/otavietnam.com\/blog\/wp-json\/wp\/v2\/types\/page"}],"author":[{"embeddable":true,"href":"https:\/\/otavietnam.com\/blog\/wp-json\/wp\/v2\/users\/1"}],"replies":[{"embeddable":true,"href":"https:\/\/otavietnam.com\/blog\/wp-json\/wp\/v2\/comments?post=384"}],"version-history":[{"count":3,"href":"https:\/\/otavietnam.com\/blog\/wp-json\/wp\/v2\/pages\/384\/revisions"}],"predecessor-version":[{"id":452839,"href":"https:\/\/otavietnam.com\/blog\/wp-json\/wp\/v2\/pages\/384\/revisions\/452839"}],"wp:featuredmedia":[{"embeddable":true,"href":"https:\/\/otavietnam.com\/blog\/wp-json\/wp\/v2\/media\/391"}],"wp:attachment":[{"href":"https:\/\/otavietnam.com\/blog\/wp-json\/wp\/v2\/media?parent=384"}],"curies":[{"name":"wp","href":"https:\/\/api.w.org\/{rel}","templated":true}]}}